{"id":76,"date":"2018-12-14T16:10:14","date_gmt":"2018-12-14T15:10:14","guid":{"rendered":"http:\/\/127.0.0.1\/HuraOfficeWP\/?page_id=76"},"modified":"2024-11-05T20:36:09","modified_gmt":"2024-11-05T19:36:09","slug":"le-nostre-referenze","status":"publish","type":"page","link":"https:\/\/hura-office.com\/it\/le-nostre-referenze\/","title":{"rendered":"Referenze"},"content":{"rendered":"<header><img loading=\"lazy\" decoding=\"async\" class=\"aligncenter wp-image-390 size-full\" src=\"https:\/\/hura-office.anakrys.biz\/wp-content\/uploads\/sites\/6\/2019\/03\/references-1.jpg\" alt=\"\" width=\"1920\" height=\"653\" srcset=\"https:\/\/hura-office.com\/it\/wp-content\/uploads\/sites\/6\/2019\/03\/references-1.jpg 1920w, https:\/\/hura-office.com\/it\/wp-content\/uploads\/sites\/6\/2019\/03\/references-1-300x102.jpg 300w, https:\/\/hura-office.com\/it\/wp-content\/uploads\/sites\/6\/2019\/03\/references-1-768x261.jpg 768w, https:\/\/hura-office.com\/it\/wp-content\/uploads\/sites\/6\/2019\/03\/references-1-1024x348.jpg 1024w\" sizes=\"(max-width: 1920px) 100vw, 1920px\" \/><\/p>\n<h1>Satisfaction!<\/h1>\n<p>Offriamo un servizio customizzato per tutta la durata del processo di sviluppo e offriamo soluzioni mirate per garantire il successo della vostra presentazione quali che siano gli ambiti di comunicazione e nel rispetto delle vostre linee guida.<\/p>\n<p>Interveniamo regolarmente sui supporti Powerpoint, Prezi e Word nei settori pi\u00f9 disparati quali : industria, servizi, associazioni e sindacati, formazione, agenzie di comunicazione, ecc.<\/p>\n<\/header>\n<section id=\"realisations\">\n<h2>Alcuni esempi delle nostre ultime realizzazioni<\/h2>\n<div id=\"slider\">\n<dl>\n<dt>Alstom : Motion design<\/dt>\n<dd>\n    <video autoplay controls width=\"600\" height=\"450\"><source src=\"..\/wp-content\/HO-slider\/High-speed trains TOP10.mp4\" type=\"video\/mp4\" width=\"600\" height=\"450\" \/>Your browser does not support the video tag.<\/video>\n  <\/dd>\n<p>  <!--\n\n<dt>Rollon : prezentazioni powerpoint<\/dt>\n\n\n  \n\n<dd>\n    <video autoplay controls width=\"600\" height=\"450\">\n<source src=\"..\/wp-content\/HO-slider\/Rollon CLT.mp4\" type=\"video\/mp4\" \/>\n       Your browser does not support the video tag.<\/video>\n  <\/dd>\n\n--><\/p>\n<dt>Alstom : powerpoint animato<\/dt>\n<dd>\n    <video autoplay controls width=\"600\" height=\"450\"><source src=\"..\/wp-content\/HO-slider\/EV3_HONEW.mp4\" type=\"video\/mp4\" \/>Your browser does not support the video tag.<\/video>\n  <\/dd>\n<dt>Alstom : powerpoint video<\/dt>\n<dd>\n    <video autoplay controls width=\"600\" height=\"450\"><source src=\"..\/wp-content\/HO-slider\/Alstom_uitp.mp4\" type=\"video\/mp4\" \/>Your browser does not support the video tag.<\/video>\n  <\/dd>\n<dt>SmartOp. Day Alstom : pres., poster e kakemono<\/dt>\n<dd><img loading=\"lazy\" decoding=\"async\" title=\"SmartOp. Day Alstom : pres., poster e kakemono\" src=\"..\/wp-content\/HO-slider\/alstom-smart-operation-day.jpg\" width=\"600\" height=\"450\" \/><\/dd>\n<dt>Alstom : Illustrazioni 3D e prezentazioni<\/dt>\n<dd><img loading=\"lazy\" decoding=\"async\" title=\"Illustrazioni 3D e prezentazioni Alstom\" src=\"..\/wp-content\/HO-slider\/alstom-automation-1.jpg\" width=\"600\" height=\"450\" \/><\/dd>\n<dt>Alstom : Illustrazioni 3D e prezentazioni<\/dt>\n<dd><img loading=\"lazy\" decoding=\"async\" title=\"Illustrazioni 3D e prezentazioni Alstom\" src=\"..\/wp-content\/HO-slider\/alstom-automation-2.jpg\" width=\"600\" height=\"450\" \/><\/dd>\n<dt>Aptar : Illustrazioni e prezentazioni Powerpoint-prezi<\/dt>\n<dd><img loading=\"lazy\" decoding=\"async\" title=\"Illustrazioni e prezentazioni Powerpoint-prezi Aptar\" src=\"..\/wp-content\/HO-slider\/aptar-1.jpg\" width=\"600\" height=\"450\" \/><\/dd>\n<dt>Aptar : Illustrazioni e prezentazioni Powerpoint-prezi<\/dt>\n<dd><img loading=\"lazy\" decoding=\"async\" title=\"Illustrazioni e prezentazioni Powerpoint-prezi Aptar\" src=\"..\/wp-content\/HO-slider\/aptar-2.jpg\" width=\"600\" height=\"450\" \/><\/dd>\n<dt>Certivea : templates Word<\/dt>\n<dd><img loading=\"lazy\" decoding=\"async\" title=\"Certivea : templates Word\" src=\"..\/wp-content\/HO-slider\/certivea-word-templates.jpg\" width=\"600\" height=\"450\" \/><\/dd>\n<dt>Cr\u00e9dit Agricole : Presentazione Kit Marketing<\/dt>\n<dd><img loading=\"lazy\" decoding=\"async\" title=\"Presentazione Kit Marketing Cr\u00e9dit Agricole\" src=\"..\/wp-content\/HO-slider\/credit-agricole-kit-marketing.jpg\" width=\"600\" height=\"450\" \/><\/dd>\n<dt>AFPA : Presentazioni Powerpoint<\/dt>\n<dd><img loading=\"lazy\" decoding=\"async\" title=\"Presentazioni Powerpoint AFPA\" src=\"..\/wp-content\/HO-slider\/afpa.jpg\" width=\"600\" height=\"450\" \/><\/dd>\n<dt>AREP : Presentazioni Powerpoint<\/dt>\n<dd><img loading=\"lazy\" decoding=\"async\" title=\"Presentazioni Powerpoint AREP\" src=\"..\/wp-content\/HO-slider\/arep_prez.jpg\" width=\"600\" height=\"450\" \/><\/dd>\n<dt>Cr\u00e9dit Agricole Assurances : Presentazioni Powerpoint<\/dt>\n<dd><img loading=\"lazy\" decoding=\"async\" title=\"Presentazioni Powerpoint Cr\u00e9dit Agricole Assurances\" src=\"..\/wp-content\/HO-slider\/caa_caci.jpg\" width=\"600\" height=\"450\" \/><\/dd>\n<dt>Close Brothers : Management Presentations powerpoint<\/dt>\n<dd><img loading=\"lazy\" decoding=\"async\" title=\"Management Presentations powerpoint Close Brothers\" src=\"..\/wp-content\/HO-slider\/close_brothers.jpg\" width=\"600\" height=\"450\" \/><\/dd>\n<dt>Congr\u00e8s des experts comptables<\/dt>\n<dd><img loading=\"lazy\" decoding=\"async\" title=\"Congr\u00e8s des experts comptables\" src=\"..\/wp-content\/HO-slider\/congres_des_experts_comptables.jpg\" width=\"600\" height=\"450\" \/><\/dd>\n<dt>Cr\u00e9dit Agricole : Engagement 2014<\/dt>\n<dd><img loading=\"lazy\" decoding=\"async\" title=\"Presentazioni Powerpoint Cr\u00e9dit Agricole Engagement 2014\" src=\"..\/wp-content\/HO-slider\/credit_agricole_engagement_2014_b.jpg\" width=\"600\" height=\"450\" \/><\/dd>\n<dt>Soci\u00e9t\u00e9 G\u00e9n\u00e9rale : Presentazioni<\/dt>\n<dd><img loading=\"lazy\" decoding=\"async\" title=\"Soci\u00e9t\u00e9 G\u00e9n\u00e9rale : Presentazioni 2015\" src=\"..\/wp-content\/HO-slider\/societe-generale-afrique.jpg\" width=\"600\" height=\"450\" \/><\/dd>\n<dt>Espace Direct : Presentazioni Powerpoint<\/dt>\n<dd><img loading=\"lazy\" decoding=\"async\" title=\"Presentazioni Powerpoint Espace Direct\" src=\"..\/wp-content\/HO-slider\/espace_direct.jpg\" width=\"600\" height=\"450\" \/><\/dd>\n<dt>FullSix : Presentazioni Powerpoint<\/dt>\n<dd><img loading=\"lazy\" decoding=\"async\" title=\"Presentazioni Powerpoint FullSix\" src=\"..\/wp-content\/HO-slider\/fullsix.jpg\" width=\"600\" height=\"450\" \/><\/dd>\n<dt>Gares &amp; Connexions : Presentazioni Powerpoint<\/dt>\n<dd><img loading=\"lazy\" decoding=\"async\" title=\"Presentazioni Powerpoint Gares &amp; Connexions\" src=\"..\/wp-content\/HO-slider\/gareconnexion_prez.jpg\" width=\"600\" height=\"450\" \/><\/dd>\n<dt>L&#8217;Artisan Parfumeur : Presentazioni Powerpoint<\/dt>\n<dd><img loading=\"lazy\" decoding=\"async\" title=\"Presentazioni Powerpoint L'Artisan Parfumeur\" src=\"..\/wp-content\/HO-slider\/l_artisan_parfumeur.jpg\" width=\"600\" height=\"450\" \/><\/dd>\n<dt>Lutti : Presentazioni Powerpoint<\/dt>\n<dd><img loading=\"lazy\" decoding=\"async\" title=\"Presentazioni Powerpoint Lutti\" src=\"..\/wp-content\/HO-slider\/lutti.jpg\" width=\"600\" height=\"450\" \/><\/dd>\n<dt>Motul : Presentazioni Powerpoint<\/dt>\n<dd><img loading=\"lazy\" decoding=\"async\" title=\"Presentazioni Powerpoint Motul\" src=\"..\/wp-content\/HO-slider\/motul.jpg\" width=\"600\" height=\"450\" \/><\/dd>\n<dt>Phythea : Presentazioni Powerpoint<\/dt>\n<dd><img loading=\"lazy\" decoding=\"async\" title=\"Presentazioni Powerpoint Phythea\" src=\"..\/wp-content\/HO-slider\/phythea.jpg\" width=\"600\" height=\"450\" \/><\/dd>\n<dt>Arm\u00e9e du salut : Powerpoint templates<\/dt>\n<dd><img loading=\"lazy\" decoding=\"async\" title=\"Powerpoint templates Arm\u00e9e du Salut\" src=\"..\/wp-content\/HO-slider\/armee-du-salut.jpg\" width=\"600\" height=\"450\" \/><\/dd>\n<dt>Somfy : Presentazioni Powerpoint<\/dt>\n<dd><img loading=\"lazy\" decoding=\"async\" title=\"Presentazioni Powerpoint Somfy\" src=\"..\/wp-content\/HO-slider\/somfy.jpg\" width=\"600\" height=\"450\" \/><\/dd>\n<dt>Valeo : Presentazioni Powerpoint<\/dt>\n<dd><img loading=\"lazy\" decoding=\"async\" title=\"Presentazioni Powerpoint Valeo\" src=\"..\/wp-content\/HO-slider\/valeo.jpg\" width=\"600\" height=\"450\" \/><\/dd>\n<dt>Vizeum : Presentazioni Powerpoint<\/dt>\n<dd><img loading=\"lazy\" decoding=\"async\" title=\"Presentazioni Powerpoint Vizeum\" src=\"..\/wp-content\/HO-slider\/vizeum.jpg\" width=\"600\" height=\"450\" \/><\/dd>\n<dt>Alstom : Presentazioni Powerpoint<\/dt>\n<dd><img loading=\"lazy\" decoding=\"async\" title=\"pr\u00e9sentation powerpoint Alstom\" src=\"..\/wp-content\/HO-slider\/alstom.jpg\" width=\"600\" height=\"450\" \/><\/dd>\n<dt>Alstom Middle East : Presentazioni Powerpoint<\/dt>\n<dd><img loading=\"lazy\" decoding=\"async\" title=\"Presentazioni Powerpoint Alstom Middle East\" src=\"..\/wp-content\/HO-slider\/alstom-me.jpg\" width=\"600\" height=\"450\" \/><\/dd>\n<dt>Alstom Alliance : Presentazioni Powerpoint<\/dt>\n<dd><img loading=\"lazy\" decoding=\"async\" title=\"Presentazioni Powerpoint Alstom Alliance\" src=\"..\/wp-content\/HO-slider\/alstom-alliance.jpg\" width=\"600\" height=\"450\" \/><\/dd>\n<dt>Phonak : Presentazioni Powerpoint<\/dt>\n<dd><img loading=\"lazy\" decoding=\"async\" title=\"Presentazioni Powerpoint Phonak\" src=\"..\/wp-content\/HO-slider\/phonak.jpg\" width=\"600\" height=\"450\" \/><\/dd>\n<dt>Wirate : Presentazioni Powerpoint<\/dt>\n<dd><img loading=\"lazy\" decoding=\"async\" title=\"Presentazioni Powerpoint Wirate\" src=\"..\/wp-content\/HO-slider\/wirate.jpg\" width=\"600\" height=\"450\" \/><\/dd>\n<dt>Presentazione Prezi Comen&#8217;t<\/dt>\n<dd>\n    <iframe loading=\"lazy\" src=\"https:\/\/prezi.com\/p\/embed\/lzthedk35b3o\/\" id=\"iframe_container\" frameborder=\"0\" webkitallowfullscreen=\"\" mozallowfullscreen=\"\" allowfullscreen=\"\" allow=\"autoplay; fullscreen\" height=\"315\" width=\"560\"><\/iframe>\n  <\/dd>\n<dt>Management Presentation Total<\/dt>\n<dd>\n    <iframe loading=\"lazy\" id=\"iframe_container\" src=\"https:\/\/prezi.com\/embed\/ntxvnmou0hga\/?bgcolor=ffffff&amp;lock_to_path=0&amp;autoplay=0&amp;autohide_ctrls=0&amp;PARENT_REQUEST_ID=65cc659f094a1456#\" width=\"600\" height=\"450\" frameborder=\"0\" allowfullscreen=\"allowfullscreen\"><\/iframe>\n  <\/dd>\n<dt>Presentazione Prezi Alstom<\/dt>\n<dd>\n    <iframe loading=\"lazy\" src=\"https:\/\/prezi.com\/embed\/qdb-heqlzzlh\/?bgcolor=ffffff&amp;lock_to_path=0&amp;autoplay=0&amp;autohide_ctrls=0&amp;landing_data=bHVZZmNaNDBIWnNjdEVENDRhZDFNZGNIUE43MHdLNWpsdFJLb2ZHanI0eWtERjh0U0MwRHJzRm11TTlBWXUvdVZnPT0&amp;landing_sign=b7o94ZOlVEOhRfIEfU911pvk1DAGmT53MLY4w0RUWOQ\" width=\"600\" height=\"450\" frameborder=\"0\"><\/iframe>\n  <\/dd>\n<dt>Presentazione Prezi Aptar<\/dt>\n<dd>\n    <iframe loading=\"lazy\" src=\"https:\/\/prezi.com\/p\/embed\/8zgng6b-34hj\/\" id=\"iframe_container\" frameborder=\"0\" webkitallowfullscreen=\"\" mozallowfullscreen=\"\" allowfullscreen=\"\" allow=\"autoplay; fullscreen\" height=\"315\" width=\"560\"><\/iframe>\n  <\/dd>\n<\/dl>\n<\/div>\n<\/section>\n<section id=\"testimonies\">\n<h2>Testimonianze<\/h2>\n<dl>\n<dd>\n<blockquote><p>La presentazione \u00e8 stata un successo! Era fluida, ho ricevuto molti feedback positivi sulla forma e sui contenuti. Quindi il mio messaggio ha colpito. Grazie per averla realizzata in cos\u00ec poco tempo.<\/p><\/blockquote>\n<\/dd>\n<dt>Ann &#8211; TOTAL<\/dt>\n<dd>\n<blockquote><p>\u00c8 stato un piacere lavorare con Hura Office.<br \/>\nLa professionalit\u00e0, l&#8217;efficienza e la gentillezza sono state molto apprezzate.<br \/>\nSicuramente li ricontatter\u00f2 per progetti futuri.<\/p><\/blockquote>\n<\/dd>\n<dt>Emilie &#8211; ALSTOM TRANSPORT<\/dt>\n<dd>\n<blockquote><p>\u00c8 stato stimolante lavorare con Hura Office per la loro attenzione alle necessit\u00e0 del cliente e per la loro professionalit\u00e0.<br \/>\nSanno arrivare al cuore dei progetti : proporre idee tenendo in considerazione le diverse esigenze del nostro gruppo. Sono molto disponibili e reattivi.<br \/>\n\u00c8 stato un vero piacere lavorare con loro.<br \/>\nLi ringraziamo moltissimo per il loro lavoro di qualit\u00e0!<\/p><\/blockquote>\n<\/dd>\n<dt>Julie &#8211; SOMFY<\/dt>\n<dd>\n<blockquote><p>Vi ringrazio per la qualit\u00e0 e l&#8217;efficienz\u00e0 del vostro lavoro che abbiamo molto apprezzato.<\/p><\/blockquote>\n<\/dd>\n<dt>J\u00e9r\u00e9mie &#8211; SAFRAN<\/dt>\n<\/dl>\n<\/section>\n<section id=\"clients_references\">\n<h2>I nostri Partners<\/h2>\n<ul>\n<li><img loading=\"lazy\" decoding=\"async\" src=\"..\/wp-content\/HO-partners\/aegis-media-logo.png\" alt=\"logo Aegis Media\" width=\"173\" height=\"90\" \/><\/li>\n<li><img loading=\"lazy\" decoding=\"async\" src=\"..\/wp-content\/HO-partners\/afpa-logo.png\" alt=\"logo Afpa\" width=\"104\" height=\"90\" \/><\/li>\n<li><img loading=\"lazy\" decoding=\"async\" src=\"..\/wp-content\/HO-partners\/alstom-logo.png\" alt=\"logo Alstom\" width=\"179\" height=\"90\" \/><\/li>\n<li><img loading=\"lazy\" decoding=\"async\" src=\"..\/wp-content\/HO-partners\/alstom-alliance-logo.png\" alt=\"logo Alstom Alliance\" width=\"179\" height=\"90\" \/><\/li>\n<li><img loading=\"lazy\" decoding=\"async\" src=\"..\/wp-content\/HO-partners\/anastase-logo.png\" alt=\"logo Anastase\" width=\"150\" height=\"90\" \/><\/li>\n<li><img loading=\"lazy\" decoding=\"async\" src=\"..\/wp-content\/HO-partners\/aptar-logo.png\" alt=\"logo Aptar\" width=\"150\" height=\"62\" \/><\/li>\n<li><img loading=\"lazy\" decoding=\"async\" src=\"..\/wp-content\/HO-partners\/athena-logo.png\" alt=\"logo Athena\" width=\"150\" height=\"90\" \/><\/li>\n<li><img loading=\"lazy\" decoding=\"async\" src=\"..\/wp-content\/HO-partners\/arep-logo.png\" alt=\"logo Arep\" width=\"93\" height=\"90\" \/><\/li>\n<li><img loading=\"lazy\" decoding=\"async\" src=\"..\/wp-content\/HO-partners\/armee-du-salut-logo.png\" alt=\"logo Arm\u00e9e du Salut\" width=\"93\" height=\"90\" \/><\/li>\n<li><img loading=\"lazy\" decoding=\"async\" src=\"..\/wp-content\/HO-partners\/banque-de-france-logo.png\" alt=\"logo Banque de France\" width=\"287\" height=\"120\" \/><\/li>\n<li><img loading=\"lazy\" decoding=\"async\" src=\"..\/wp-content\/HO-partners\/biocoop-logo.png\" alt=\"logo Biocoop\" width=\"179\" height=\"90\" \/><\/li>\n<li><img loading=\"lazy\" decoding=\"async\" src=\"..\/wp-content\/HO-partners\/cesp-logo.png\" alt=\"logo CESP\" width=\"165\" height=\"90\" \/><\/li>\n<li><img loading=\"lazy\" decoding=\"async\" src=\"..\/wp-content\/HO-partners\/cnfpt-logo.png\" alt=\"logo CNFPT\" width=\"165\" height=\"90\" \/><\/li>\n<li><img loading=\"lazy\" decoding=\"async\" src=\"..\/wp-content\/HO-partners\/communication-et-entreprises-logo.png\" alt=\"logo Communication et Entreprises\" width=\"209\" height=\"90\" \/><\/li>\n<li><img loading=\"lazy\" decoding=\"async\" src=\"..\/wp-content\/HO-partners\/credit-agricole-assurances-logo.png\" alt=\"logo Cr\u00e9dit Agricole Assurances\" width=\"246\" height=\"90\" \/><\/li>\n<li><img loading=\"lazy\" decoding=\"async\" src=\"..\/wp-content\/HO-partners\/credit-agricole-logo.png\" alt=\"logo Cr\u00e9dit Agricole\" width=\"179\" height=\"90\" \/><\/li>\n<li><img loading=\"lazy\" decoding=\"async\" src=\"..\/wp-content\/HO-partners\/dtz-logo.png\" alt=\"logo DTZ\" width=\"141\" height=\"90\" \/><\/li>\n<li><img loading=\"lazy\" decoding=\"async\" src=\"..\/wp-content\/HO-partners\/ecofi-logo.png\" alt=\"logo Ecofi\" width=\"165\" height=\"90\" \/><\/li>\n<li><img loading=\"lazy\" decoding=\"async\" src=\"..\/wp-content\/HO-partners\/gares-et-connexions-logo.png\" alt=\"logo Gares &amp; Connexions\" width=\"180\" height=\"90\" \/><\/li>\n<li><img loading=\"lazy\" decoding=\"async\" src=\"..\/wp-content\/HO-partners\/humanis-logo.png\" alt=\"logo Humanis\" width=\"180\" height=\"90\" \/><\/li>\n<li><img loading=\"lazy\" decoding=\"async\" src=\"..\/wp-content\/HO-partners\/motul-logo.png\" alt=\"logo Motul\" width=\"150\" height=\"90\" \/><\/li>\n<li><img loading=\"lazy\" decoding=\"async\" src=\"..\/wp-content\/HO-partners\/phonak-logo.png\" alt=\"logo Phonak\" width=\"209\" height=\"90\" \/><\/li>\n<li><img loading=\"lazy\" decoding=\"async\" src=\"..\/wp-content\/HO-partners\/rollon-logo.png\" alt=\"logo Rollon\" width=\"287\" height=\"120\" \/><\/li>\n<li><img loading=\"lazy\" decoding=\"async\" src=\"..\/wp-content\/HO-partners\/safran-logo.png\" alt=\"logo Safran\" width=\"209\" height=\"90\" \/><\/li>\n<li><img loading=\"lazy\" decoding=\"async\" src=\"..\/wp-content\/HO-partners\/self-image-logo.png\" alt=\"logo Self Image\" width=\"126\" height=\"90\" \/><\/li>\n<li><img loading=\"lazy\" decoding=\"async\" src=\"..\/wp-content\/HO-partners\/sncf-logo.png\" alt=\"logo Sncf\" width=\"120\" height=\"90\" \/><\/li>\n<li><img loading=\"lazy\" decoding=\"async\" src=\"..\/wp-content\/HO-partners\/societe-generale-logo.png\" alt=\"logo Soci\u00e9t\u00e9 G\u00e9n\u00e9rale\" width=\"135\" height=\"90\" \/><\/li>\n<li><img loading=\"lazy\" decoding=\"async\" src=\"..\/wp-content\/HO-partners\/soitec-logo.png\" alt=\"logo Soitec\" width=\"135\" height=\"90\" \/><\/li>\n<li><img loading=\"lazy\" decoding=\"async\" src=\"..\/wp-content\/HO-partners\/somfy-logo.png\" alt=\"logo Somfy\" width=\"142\" height=\"90\" \/><\/li>\n<li><img loading=\"lazy\" decoding=\"async\" src=\"..\/wp-content\/HO-partners\/sonova-logo.png\" alt=\"logo Sonova\" width=\"142\" height=\"90\" \/><\/li>\n<li><img loading=\"lazy\" decoding=\"async\" src=\"..\/wp-content\/HO-partners\/sopexa-logo.png\" alt=\"logo Sopexa\" width=\"142\" height=\"90\" \/><\/li>\n<li><img loading=\"lazy\" decoding=\"async\" src=\"..\/wp-content\/HO-partners\/soufflet-logo.png\" alt=\"logo Soufflet\" width=\"180\" height=\"90\" \/><\/li>\n<li><img loading=\"lazy\" decoding=\"async\" src=\"..\/wp-content\/HO-partners\/total-logo.png\" alt=\"logo Total\" width=\"142\" height=\"90\" \/><\/li>\n<li><img loading=\"lazy\" decoding=\"async\" src=\"..\/wp-content\/HO-partners\/valeo-logo.png\" alt=\"logo Valeo\" width=\"142\" height=\"90\" \/><\/li>\n<li><img loading=\"lazy\" decoding=\"async\" src=\"..\/wp-content\/HO-partners\/vizeum-logo.png\" alt=\"logo Vizem\" width=\"150\" height=\"90\" \/><\/li>\n<li><img loading=\"lazy\" decoding=\"async\" src=\"..\/wp-content\/HO-partners\/wirate-logo.png\" alt=\"logo Wirate\" width=\"215\" height=\"90\" \/><\/li>\n<\/ul>\n<\/section>\n","protected":false},"excerpt":{"rendered":"<p>Satisfaction! Offriamo un servizio customizzato per tutta la durata del processo di sviluppo e offriamo soluzioni mirate per garantire il successo della vostra presentazione quali che siano gli ambiti di comunicazione e nel rispetto delle vostre linee guida. Interveniamo regolarmente sui supporti Powerpoint, Prezi e Word nei settori pi\u00f9 disparati quali : industria, servizi, associazioni [&hellip;]<\/p>\n","protected":false},"author":1,"featured_media":0,"parent":0,"menu_order":3,"comment_status":"closed","ping_status":"closed","template":"template-HO_site.php","meta":{"footnotes":""},"yoast_head":"<!-- This site is optimized with the Yoast SEO plugin v21.7 - https:\/\/yoast.com\/wordpress\/plugins\/seo\/ -->\n<title>Referenze<\/title>\n<meta name=\"description\" content=\"La nostra agenzia mantiene dei rapporti di fiduccia e soddisfazione con i suoi clienti. Siete sempre pi\u00f9 numerosi ad affidarci le vostre presentazioni\" \/>\n<meta name=\"robots\" content=\"index, follow, max-snippet:-1, max-image-preview:large, max-video-preview:-1\" \/>\n<link rel=\"canonical\" href=\"https:\/\/hura-office.com\/it\/le-nostre-referenze\/\" \/>\n<meta property=\"og:locale\" content=\"it_IT\" \/>\n<meta property=\"og:type\" content=\"article\" \/>\n<meta property=\"og:title\" content=\"Referenze\" \/>\n<meta property=\"og:description\" content=\"La nostra agenzia mantiene dei rapporti di fiduccia e soddisfazione con i suoi clienti. Siete sempre pi\u00f9 numerosi ad affidarci le vostre presentazioni\" \/>\n<meta property=\"og:url\" content=\"https:\/\/hura-office.com\/it\/le-nostre-referenze\/\" \/>\n<meta property=\"og:site_name\" content=\"Hura Office, agenzia specializzata in presentazioni (PowerPoint, Prezi, Motion Graphic Design,...)\" \/>\n<meta property=\"article:modified_time\" content=\"2024-11-05T19:36:09+00:00\" \/>\n<meta property=\"og:image\" content=\"https:\/\/hura-office.anakrys.biz\/wp-content\/uploads\/sites\/6\/2019\/03\/references-1.jpg\" \/>\n<meta name=\"twitter:card\" content=\"summary_large_image\" \/>\n<meta name=\"twitter:label1\" content=\"Tempo di lettura stimato\" \/>\n\t<meta name=\"twitter:data1\" content=\"15 minuti\" \/>\n<script type=\"application\/ld+json\" class=\"yoast-schema-graph\">{\"@context\":\"https:\/\/schema.org\",\"@graph\":[{\"@type\":\"WebPage\",\"@id\":\"https:\/\/hura-office.com\/it\/le-nostre-referenze\/\",\"url\":\"https:\/\/hura-office.com\/it\/le-nostre-referenze\/\",\"name\":\"Referenze\",\"isPartOf\":{\"@id\":\"https:\/\/hura-office.com\/it\/#website\"},\"datePublished\":\"2018-12-14T15:10:14+00:00\",\"dateModified\":\"2024-11-05T19:36:09+00:00\",\"description\":\"La nostra agenzia mantiene dei rapporti di fiduccia e soddisfazione con i suoi clienti. Siete sempre pi\u00f9 numerosi ad affidarci le vostre presentazioni\",\"breadcrumb\":{\"@id\":\"https:\/\/hura-office.com\/it\/le-nostre-referenze\/#breadcrumb\"},\"inLanguage\":\"it-IT\",\"potentialAction\":[{\"@type\":\"ReadAction\",\"target\":[\"https:\/\/hura-office.com\/it\/le-nostre-referenze\/\"]}]},{\"@type\":\"BreadcrumbList\",\"@id\":\"https:\/\/hura-office.com\/it\/le-nostre-referenze\/#breadcrumb\",\"itemListElement\":[{\"@type\":\"ListItem\",\"position\":1,\"name\":\"Accueil\",\"item\":\"https:\/\/hura-office.com\/it\/\"},{\"@type\":\"ListItem\",\"position\":2,\"name\":\"Referenze\"}]},{\"@type\":\"WebSite\",\"@id\":\"https:\/\/hura-office.com\/it\/#website\",\"url\":\"https:\/\/hura-office.com\/it\/\",\"name\":\"Hura Office, agenzia specializzata Presentazioni (PowerPoint, Prezi, Motion Graphic Design,...)\",\"description\":\"L&#039;agence che cura la vostra presentatione\",\"publisher\":{\"@id\":\"https:\/\/hura-office.com\/it\/#organization\"},\"potentialAction\":[{\"@type\":\"SearchAction\",\"target\":{\"@type\":\"EntryPoint\",\"urlTemplate\":\"https:\/\/hura-office.com\/it\/?s={search_term_string}\"},\"query-input\":\"required name=search_term_string\"}],\"inLanguage\":\"it-IT\"},{\"@type\":\"Organization\",\"@id\":\"https:\/\/hura-office.com\/it\/#organization\",\"name\":\"Hura Office\",\"url\":\"https:\/\/hura-office.com\/it\/\",\"logo\":{\"@type\":\"ImageObject\",\"inLanguage\":\"it-IT\",\"@id\":\"https:\/\/hura-office.com\/it\/#\/schema\/logo\/image\/\",\"url\":\"https:\/\/hura-office.com\/it\/wp-content\/uploads\/sites\/6\/2019\/04\/logoCarre@2x.png\",\"contentUrl\":\"https:\/\/hura-office.com\/it\/wp-content\/uploads\/sites\/6\/2019\/04\/logoCarre@2x.png\",\"width\":601,\"height\":601,\"caption\":\"Hura Office\"},\"image\":{\"@id\":\"https:\/\/hura-office.com\/it\/#\/schema\/logo\/image\/\"}}]}<\/script>\n<!-- \/ Yoast SEO plugin. -->","yoast_head_json":{"title":"Referenze","description":"La nostra agenzia mantiene dei rapporti di fiduccia e soddisfazione con i suoi clienti. Siete sempre pi\u00f9 numerosi ad affidarci le vostre presentazioni","robots":{"index":"index","follow":"follow","max-snippet":"max-snippet:-1","max-image-preview":"max-image-preview:large","max-video-preview":"max-video-preview:-1"},"canonical":"https:\/\/hura-office.com\/it\/le-nostre-referenze\/","og_locale":"it_IT","og_type":"article","og_title":"Referenze","og_description":"La nostra agenzia mantiene dei rapporti di fiduccia e soddisfazione con i suoi clienti. Siete sempre pi\u00f9 numerosi ad affidarci le vostre presentazioni","og_url":"https:\/\/hura-office.com\/it\/le-nostre-referenze\/","og_site_name":"Hura Office, agenzia specializzata in presentazioni (PowerPoint, Prezi, Motion Graphic Design,...)","article_modified_time":"2024-11-05T19:36:09+00:00","og_image":[{"url":"https:\/\/hura-office.anakrys.biz\/wp-content\/uploads\/sites\/6\/2019\/03\/references-1.jpg"}],"twitter_card":"summary_large_image","twitter_misc":{"Tempo di lettura stimato":"15 minuti"},"schema":{"@context":"https:\/\/schema.org","@graph":[{"@type":"WebPage","@id":"https:\/\/hura-office.com\/it\/le-nostre-referenze\/","url":"https:\/\/hura-office.com\/it\/le-nostre-referenze\/","name":"Referenze","isPartOf":{"@id":"https:\/\/hura-office.com\/it\/#website"},"datePublished":"2018-12-14T15:10:14+00:00","dateModified":"2024-11-05T19:36:09+00:00","description":"La nostra agenzia mantiene dei rapporti di fiduccia e soddisfazione con i suoi clienti. Siete sempre pi\u00f9 numerosi ad affidarci le vostre presentazioni","breadcrumb":{"@id":"https:\/\/hura-office.com\/it\/le-nostre-referenze\/#breadcrumb"},"inLanguage":"it-IT","potentialAction":[{"@type":"ReadAction","target":["https:\/\/hura-office.com\/it\/le-nostre-referenze\/"]}]},{"@type":"BreadcrumbList","@id":"https:\/\/hura-office.com\/it\/le-nostre-referenze\/#breadcrumb","itemListElement":[{"@type":"ListItem","position":1,"name":"Accueil","item":"https:\/\/hura-office.com\/it\/"},{"@type":"ListItem","position":2,"name":"Referenze"}]},{"@type":"WebSite","@id":"https:\/\/hura-office.com\/it\/#website","url":"https:\/\/hura-office.com\/it\/","name":"Hura Office, agenzia specializzata Presentazioni (PowerPoint, Prezi, Motion Graphic Design,...)","description":"L&#039;agence che cura la vostra presentatione","publisher":{"@id":"https:\/\/hura-office.com\/it\/#organization"},"potentialAction":[{"@type":"SearchAction","target":{"@type":"EntryPoint","urlTemplate":"https:\/\/hura-office.com\/it\/?s={search_term_string}"},"query-input":"required name=search_term_string"}],"inLanguage":"it-IT"},{"@type":"Organization","@id":"https:\/\/hura-office.com\/it\/#organization","name":"Hura Office","url":"https:\/\/hura-office.com\/it\/","logo":{"@type":"ImageObject","inLanguage":"it-IT","@id":"https:\/\/hura-office.com\/it\/#\/schema\/logo\/image\/","url":"https:\/\/hura-office.com\/it\/wp-content\/uploads\/sites\/6\/2019\/04\/logoCarre@2x.png","contentUrl":"https:\/\/hura-office.com\/it\/wp-content\/uploads\/sites\/6\/2019\/04\/logoCarre@2x.png","width":601,"height":601,"caption":"Hura Office"},"image":{"@id":"https:\/\/hura-office.com\/it\/#\/schema\/logo\/image\/"}}]}},"_links":{"self":[{"href":"https:\/\/hura-office.com\/it\/wp-json\/wp\/v2\/pages\/76"}],"collection":[{"href":"https:\/\/hura-office.com\/it\/wp-json\/wp\/v2\/pages"}],"about":[{"href":"https:\/\/hura-office.com\/it\/wp-json\/wp\/v2\/types\/page"}],"author":[{"embeddable":true,"href":"https:\/\/hura-office.com\/it\/wp-json\/wp\/v2\/users\/1"}],"replies":[{"embeddable":true,"href":"https:\/\/hura-office.com\/it\/wp-json\/wp\/v2\/comments?post=76"}],"version-history":[{"count":37,"href":"https:\/\/hura-office.com\/it\/wp-json\/wp\/v2\/pages\/76\/revisions"}],"predecessor-version":[{"id":505,"href":"https:\/\/hura-office.com\/it\/wp-json\/wp\/v2\/pages\/76\/revisions\/505"}],"wp:attachment":[{"href":"https:\/\/hura-office.com\/it\/wp-json\/wp\/v2\/media?parent=76"}],"curies":[{"name":"wp","href":"https:\/\/api.w.org\/{rel}","templated":true}]}}