{"id":69,"date":"2018-12-14T15:57:17","date_gmt":"2018-12-14T14:57:17","guid":{"rendered":"http:\/\/127.0.0.1\/HuraOfficeWP\/?page_id=69"},"modified":"2019-08-31T15:45:47","modified_gmt":"2019-08-31T13:45:47","slug":"prestazione","status":"publish","type":"page","link":"https:\/\/hura-office.com\/it\/prestazione\/","title":{"rendered":"Prestazione presentazioni (PowerPoint, Prezi, Motion Graphic Design, etc.)"},"content":{"rendered":"<header><img loading=\"lazy\" decoding=\"async\" class=\"alignnone size-full wp-image-397\" src=\"https:\/\/hura-office.anakrys.biz\/wp-content\/uploads\/sites\/6\/2019\/03\/prestations-1.jpg\" alt=\"\" width=\"1920\" height=\"653\" srcset=\"https:\/\/hura-office.com\/it\/wp-content\/uploads\/sites\/6\/2019\/03\/prestations-1.jpg 1920w, https:\/\/hura-office.com\/it\/wp-content\/uploads\/sites\/6\/2019\/03\/prestations-1-300x102.jpg 300w, https:\/\/hura-office.com\/it\/wp-content\/uploads\/sites\/6\/2019\/03\/prestations-1-768x261.jpg 768w, https:\/\/hura-office.com\/it\/wp-content\/uploads\/sites\/6\/2019\/03\/prestations-1-1024x348.jpg 1024w\" sizes=\"(max-width: 1920px) 100vw, 1920px\" \/><\/p>\n<h1>Un servizio &#8220;tailor-made&#8221;<\/h1>\n<p>Affidandoci la realizzazione dei vostri strumenti di comunicazione vi semplificheremo il lavoro fino al momento della presentazione in pubblico.<\/p>\n<p>Potrete beneficiare di un risparmio di tempo per sviluppare il vostro messaggio e ridurre i vostri costi di gestione.<br \/>\nGrazie alla professionalit\u00e0 e precisione con cui la nostra agenzia analizza i vostri bisogni, i vostri PowerPoint e Prezi risultano pi\u00f9 dinamici, le vostre slides pi\u00f9 incisive e convincenti e i vostri tempi di lavoro ridotti.<br \/>\nVi garantiamo la massima riservatezza fino alla fine del lavoro<\/p>\n<\/header>\n<section id=\"conceive\">\n<h2>Immaginare<\/h2>\n<ul>\n<li>Storyboarding della presentazione<\/li>\n<li>Distribuzione dei concetti in slides PowerPoint o schermate Prezi<\/li>\n<li>Editing e storytelling<\/li>\n<li>Temi e soluzioni grafiche<\/li>\n<\/ul>\n<\/section>\n<section id=\"imagine\">\n<h2>Realizzare<\/h2>\n<ul>\n<li>Creazione di template PowerPoint, Prezi e Word<\/li>\n<li>Realizzazione di template sulla base di grafici esistenti<\/li>\n<li>Creazione di elementi grafici di supporto alla comunicazione (illustrazioni, foto, video\u2026)<\/li>\n<li>Ergonomia visiva e realizzazione di animazioni e interattivit\u00e0<\/li>\n<\/ul>\n<\/section>\n<section id=\"communicate\">\n<h2>Comunicare<\/h2>\n<ul>\n<li>Armonizzazione, impaginazione e valorizzazione delle vostre slides esistenti (uniformit\u00e0)<\/li>\n<li>Adeguamento degli strumenti di comunicazione a differenti media (kakemonos, brochures, flipbooks, html e flash, cd e dvd)<\/li>\n<li>Video di presentazione, Motion Graphic Design e Pitch Deck<\/li>\n<li>Gestione e consegna di stampati. Gestione di campagne mailing legate ad eventi<br \/>\nOttimizzazione dei files ed affiancamento tecnico costante per presentazioni di successo<\/li>\n<\/ul>\n<\/section>\n<blockquote><p>Il vostro tempo \u00e8 prezioso, come anche quello che volete comunicare<\/p><\/blockquote>\n","protected":false},"excerpt":{"rendered":"<p>Un servizio &#8220;tailor-made&#8221; Affidandoci la realizzazione dei vostri strumenti di comunicazione vi semplificheremo il lavoro fino al momento della presentazione in pubblico. Potrete beneficiare di un risparmio di tempo per sviluppare il vostro messaggio e ridurre i vostri costi di gestione. Grazie alla professionalit\u00e0 e precisione con cui la nostra agenzia analizza i vostri bisogni, [&hellip;]<\/p>\n","protected":false},"author":1,"featured_media":0,"parent":0,"menu_order":2,"comment_status":"closed","ping_status":"closed","template":"template-HO_site.php","meta":{"footnotes":""},"yoast_head":"<!-- This site is optimized with the Yoast SEO plugin v21.7 - https:\/\/yoast.com\/wordpress\/plugins\/seo\/ -->\n<title>Prestazione presentazioni (PowerPoint, Prezi, Motion Graphic Design, etc.) - Hura Office, agenzia specializzata in presentazioni (PowerPoint, Prezi, Motion Graphic Design,...)<\/title>\n<meta name=\"robots\" content=\"index, follow, max-snippet:-1, max-image-preview:large, max-video-preview:-1\" \/>\n<link rel=\"canonical\" href=\"https:\/\/hura-office.com\/it\/prestazione\/\" \/>\n<meta property=\"og:locale\" content=\"it_IT\" \/>\n<meta property=\"og:type\" content=\"article\" \/>\n<meta property=\"og:title\" content=\"Prestazione presentazioni (PowerPoint, Prezi, Motion Graphic Design, etc.) - Hura Office, agenzia specializzata in presentazioni (PowerPoint, Prezi, Motion Graphic Design,...)\" \/>\n<meta property=\"og:description\" content=\"Un servizio &#8220;tailor-made&#8221; Affidandoci la realizzazione dei vostri strumenti di comunicazione vi semplificheremo il lavoro fino al momento della presentazione in pubblico. Potrete beneficiare di un risparmio di tempo per sviluppare il vostro messaggio e ridurre i vostri costi di gestione. Grazie alla professionalit\u00e0 e precisione con cui la nostra agenzia analizza i vostri bisogni, [&hellip;]\" \/>\n<meta property=\"og:url\" content=\"https:\/\/hura-office.com\/it\/prestazione\/\" \/>\n<meta property=\"og:site_name\" content=\"Hura Office, agenzia specializzata in presentazioni (PowerPoint, Prezi, Motion Graphic Design,...)\" \/>\n<meta property=\"article:modified_time\" content=\"2019-08-31T13:45:47+00:00\" \/>\n<meta property=\"og:image\" content=\"https:\/\/hura-office.anakrys.biz\/wp-content\/uploads\/sites\/6\/2019\/03\/prestations-1.jpg\" \/>\n<meta name=\"twitter:card\" content=\"summary_large_image\" \/>\n<meta name=\"twitter:label1\" content=\"Tempo di lettura stimato\" \/>\n\t<meta name=\"twitter:data1\" content=\"1 minuto\" \/>\n<script type=\"application\/ld+json\" class=\"yoast-schema-graph\">{\"@context\":\"https:\/\/schema.org\",\"@graph\":[{\"@type\":\"WebPage\",\"@id\":\"https:\/\/hura-office.com\/it\/prestazione\/\",\"url\":\"https:\/\/hura-office.com\/it\/prestazione\/\",\"name\":\"Prestazione presentazioni (PowerPoint, Prezi, Motion Graphic Design, etc.) - Hura Office, agenzia specializzata in presentazioni (PowerPoint, Prezi, Motion Graphic Design,...)\",\"isPartOf\":{\"@id\":\"https:\/\/hura-office.com\/it\/#website\"},\"datePublished\":\"2018-12-14T14:57:17+00:00\",\"dateModified\":\"2019-08-31T13:45:47+00:00\",\"breadcrumb\":{\"@id\":\"https:\/\/hura-office.com\/it\/prestazione\/#breadcrumb\"},\"inLanguage\":\"it-IT\",\"potentialAction\":[{\"@type\":\"ReadAction\",\"target\":[\"https:\/\/hura-office.com\/it\/prestazione\/\"]}]},{\"@type\":\"BreadcrumbList\",\"@id\":\"https:\/\/hura-office.com\/it\/prestazione\/#breadcrumb\",\"itemListElement\":[{\"@type\":\"ListItem\",\"position\":1,\"name\":\"Accueil\",\"item\":\"https:\/\/hura-office.com\/it\/\"},{\"@type\":\"ListItem\",\"position\":2,\"name\":\"Prestazione presentazioni (PowerPoint, Prezi, Motion Graphic Design, etc.)\"}]},{\"@type\":\"WebSite\",\"@id\":\"https:\/\/hura-office.com\/it\/#website\",\"url\":\"https:\/\/hura-office.com\/it\/\",\"name\":\"Hura Office, agenzia specializzata Presentazioni (PowerPoint, Prezi, Motion Graphic Design,...)\",\"description\":\"L&#039;agence che cura la vostra presentatione\",\"publisher\":{\"@id\":\"https:\/\/hura-office.com\/it\/#organization\"},\"potentialAction\":[{\"@type\":\"SearchAction\",\"target\":{\"@type\":\"EntryPoint\",\"urlTemplate\":\"https:\/\/hura-office.com\/it\/?s={search_term_string}\"},\"query-input\":\"required name=search_term_string\"}],\"inLanguage\":\"it-IT\"},{\"@type\":\"Organization\",\"@id\":\"https:\/\/hura-office.com\/it\/#organization\",\"name\":\"Hura Office\",\"url\":\"https:\/\/hura-office.com\/it\/\",\"logo\":{\"@type\":\"ImageObject\",\"inLanguage\":\"it-IT\",\"@id\":\"https:\/\/hura-office.com\/it\/#\/schema\/logo\/image\/\",\"url\":\"https:\/\/hura-office.com\/it\/wp-content\/uploads\/sites\/6\/2019\/04\/logoCarre@2x.png\",\"contentUrl\":\"https:\/\/hura-office.com\/it\/wp-content\/uploads\/sites\/6\/2019\/04\/logoCarre@2x.png\",\"width\":601,\"height\":601,\"caption\":\"Hura Office\"},\"image\":{\"@id\":\"https:\/\/hura-office.com\/it\/#\/schema\/logo\/image\/\"}}]}<\/script>\n<!-- \/ Yoast SEO plugin. -->","yoast_head_json":{"title":"Prestazione presentazioni (PowerPoint, Prezi, Motion Graphic Design, etc.) - Hura Office, agenzia specializzata in presentazioni (PowerPoint, Prezi, Motion Graphic Design,...)","robots":{"index":"index","follow":"follow","max-snippet":"max-snippet:-1","max-image-preview":"max-image-preview:large","max-video-preview":"max-video-preview:-1"},"canonical":"https:\/\/hura-office.com\/it\/prestazione\/","og_locale":"it_IT","og_type":"article","og_title":"Prestazione presentazioni (PowerPoint, Prezi, Motion Graphic Design, etc.) - Hura Office, agenzia specializzata in presentazioni (PowerPoint, Prezi, Motion Graphic Design,...)","og_description":"Un servizio &#8220;tailor-made&#8221; Affidandoci la realizzazione dei vostri strumenti di comunicazione vi semplificheremo il lavoro fino al momento della presentazione in pubblico. Potrete beneficiare di un risparmio di tempo per sviluppare il vostro messaggio e ridurre i vostri costi di gestione. Grazie alla professionalit\u00e0 e precisione con cui la nostra agenzia analizza i vostri bisogni, [&hellip;]","og_url":"https:\/\/hura-office.com\/it\/prestazione\/","og_site_name":"Hura Office, agenzia specializzata in presentazioni (PowerPoint, Prezi, Motion Graphic Design,...)","article_modified_time":"2019-08-31T13:45:47+00:00","og_image":[{"url":"https:\/\/hura-office.anakrys.biz\/wp-content\/uploads\/sites\/6\/2019\/03\/prestations-1.jpg"}],"twitter_card":"summary_large_image","twitter_misc":{"Tempo di lettura stimato":"1 minuto"},"schema":{"@context":"https:\/\/schema.org","@graph":[{"@type":"WebPage","@id":"https:\/\/hura-office.com\/it\/prestazione\/","url":"https:\/\/hura-office.com\/it\/prestazione\/","name":"Prestazione presentazioni (PowerPoint, Prezi, Motion Graphic Design, etc.) - Hura Office, agenzia specializzata in presentazioni (PowerPoint, Prezi, Motion Graphic Design,...)","isPartOf":{"@id":"https:\/\/hura-office.com\/it\/#website"},"datePublished":"2018-12-14T14:57:17+00:00","dateModified":"2019-08-31T13:45:47+00:00","breadcrumb":{"@id":"https:\/\/hura-office.com\/it\/prestazione\/#breadcrumb"},"inLanguage":"it-IT","potentialAction":[{"@type":"ReadAction","target":["https:\/\/hura-office.com\/it\/prestazione\/"]}]},{"@type":"BreadcrumbList","@id":"https:\/\/hura-office.com\/it\/prestazione\/#breadcrumb","itemListElement":[{"@type":"ListItem","position":1,"name":"Accueil","item":"https:\/\/hura-office.com\/it\/"},{"@type":"ListItem","position":2,"name":"Prestazione presentazioni (PowerPoint, Prezi, Motion Graphic Design, etc.)"}]},{"@type":"WebSite","@id":"https:\/\/hura-office.com\/it\/#website","url":"https:\/\/hura-office.com\/it\/","name":"Hura Office, agenzia specializzata Presentazioni (PowerPoint, Prezi, Motion Graphic Design,...)","description":"L&#039;agence che cura la vostra presentatione","publisher":{"@id":"https:\/\/hura-office.com\/it\/#organization"},"potentialAction":[{"@type":"SearchAction","target":{"@type":"EntryPoint","urlTemplate":"https:\/\/hura-office.com\/it\/?s={search_term_string}"},"query-input":"required name=search_term_string"}],"inLanguage":"it-IT"},{"@type":"Organization","@id":"https:\/\/hura-office.com\/it\/#organization","name":"Hura Office","url":"https:\/\/hura-office.com\/it\/","logo":{"@type":"ImageObject","inLanguage":"it-IT","@id":"https:\/\/hura-office.com\/it\/#\/schema\/logo\/image\/","url":"https:\/\/hura-office.com\/it\/wp-content\/uploads\/sites\/6\/2019\/04\/logoCarre@2x.png","contentUrl":"https:\/\/hura-office.com\/it\/wp-content\/uploads\/sites\/6\/2019\/04\/logoCarre@2x.png","width":601,"height":601,"caption":"Hura Office"},"image":{"@id":"https:\/\/hura-office.com\/it\/#\/schema\/logo\/image\/"}}]}},"_links":{"self":[{"href":"https:\/\/hura-office.com\/it\/wp-json\/wp\/v2\/pages\/69"}],"collection":[{"href":"https:\/\/hura-office.com\/it\/wp-json\/wp\/v2\/pages"}],"about":[{"href":"https:\/\/hura-office.com\/it\/wp-json\/wp\/v2\/types\/page"}],"author":[{"embeddable":true,"href":"https:\/\/hura-office.com\/it\/wp-json\/wp\/v2\/users\/1"}],"replies":[{"embeddable":true,"href":"https:\/\/hura-office.com\/it\/wp-json\/wp\/v2\/comments?post=69"}],"version-history":[{"count":6,"href":"https:\/\/hura-office.com\/it\/wp-json\/wp\/v2\/pages\/69\/revisions"}],"predecessor-version":[{"id":479,"href":"https:\/\/hura-office.com\/it\/wp-json\/wp\/v2\/pages\/69\/revisions\/479"}],"wp:attachment":[{"href":"https:\/\/hura-office.com\/it\/wp-json\/wp\/v2\/media?parent=69"}],"curies":[{"name":"wp","href":"https:\/\/api.w.org\/{rel}","templated":true}]}}