{"id":37,"date":"2018-12-13T12:32:05","date_gmt":"2018-12-13T11:32:05","guid":{"rendered":"http:\/\/127.0.0.1\/HuraOfficeWP\/?page_id=37"},"modified":"2024-12-26T16:44:53","modified_gmt":"2024-12-26T15:44:53","slug":"home","status":"publish","type":"page","link":"https:\/\/hura-office.com\/it\/","title":{"rendered":"Home"},"content":{"rendered":"<header>\n<div><\/div>\n<h1>Presentazione sagace, comunicazione efficace!<\/h1>\n<p>Hura Office \u00e8 un agenzia specializzata in presentazioni powerpoint e prezi dal forte valore aggiunto.<\/p>\n<p>Offriamo un servizio &#8220;&#8221;tailor-made&#8221;&#8221; per i vostri supporti visivi di comunicazione tenendo in considerazione le vostre specifiche. Affidatevi al nostro know how per la realizzazione dei vostri PowerPoint e Prezi.<\/p>\n<p>Il nostro forte approccio creativo render\u00e0 le vostre presentazioni pi\u00f9 coinvolgenti e convincenti.<\/p>\n<\/header>\n<section id=\"prestations\">\n<h2>Un servizio &#8220;tailor-made&#8221;<\/h2>\n<p>L&#8217;agenzia \u00e8 parte del gruppo <a href=\"https:\/\/www.hura-com.com\">Hura<\/a> specializzato in recruitment e formazione e collabora costantemente con i migliori professionisti della comunicazione.<br \/>\n<strong>Potrete fare affidamento sul nostro know-how in ogni fase progettuale della vostra presentazione PowerPoint o Prezi, anche con breve preavviso.<\/strong><\/p>\n<p><a class=\"linkToDetail\" href=\"https:\/\/hura-office.com\/it\/prestazione\/\">Scopri la nostra offerta di servizi<\/a><\/p>\n<\/section>\n<section id=\"formations\">\n<h2>Siate pi\u00f9 forti dei vostri supporti!<\/h2>\n<p>A completamento del servizio per realizzare la vostra presentazione PowerPoint e Prezi, offriamo <strong>giornate formative su misura<\/strong> per esercitarvi nell&#8217;esposizione della vostra presentazione. Il nostro programma formativo riguarda PowerPoint, Word, Prezi e i vostri interventi in pubblico&#8230;<\/p>\n<p><a class=\"linkToDetail\" href=\"https:\/\/hura-office.com\/it\/corsi\/\">Scopri le nostre opportunit\u00e0 formative<\/a><\/p>\n<\/section>\n<section id=\"clients_index\">\n<h2>I nostri Partners<\/h2>\n<ul>\n<li><img loading=\"lazy\" decoding=\"async\" src=\"wp-content\/HO-partners\/aegis-media-logo.png\" alt=\"logo Aegis Media\" width=\"173\" height=\"90\" \/><\/li>\n<li><img loading=\"lazy\" decoding=\"async\" src=\"wp-content\/HO-partners\/afpa-logo.png\" alt=\"logo Afpa\" width=\"104\" height=\"90\" \/><\/li>\n<li><img loading=\"lazy\" decoding=\"async\" src=\"wp-content\/HO-partners\/alstom-logo.png\" alt=\"logo Alstom\" width=\"179\" height=\"90\" \/><\/li>\n<li><img loading=\"lazy\" decoding=\"async\" src=\"wp-content\/HO-partners\/alstom-alliance-logo.png\" alt=\"logo Alstom Alliance\" width=\"179\" height=\"90\" \/><\/li>\n<li><img loading=\"lazy\" decoding=\"async\" src=\"wp-content\/HO-partners\/anastase-logo.png\" alt=\"logo Anastase\" width=\"150\" height=\"90\" \/><\/li>\n<li><img loading=\"lazy\" decoding=\"async\" src=\"wp-content\/HO-partners\/aptar-logo.png\" alt=\"logo Aptar\" width=\"150\" height=\"62\" \/><\/li>\n<li><img loading=\"lazy\" decoding=\"async\" src=\"wp-content\/HO-partners\/athena-logo.png\" alt=\"logo Athena\" width=\"150\" height=\"90\" \/><\/li>\n<li><img loading=\"lazy\" decoding=\"async\" src=\"wp-content\/HO-partners\/arep-logo.png\" alt=\"logo Arep\" width=\"93\" height=\"90\" \/><\/li>\n<li><img loading=\"lazy\" decoding=\"async\" src=\"wp-content\/HO-partners\/armee-du-salut-logo.png\" alt=\"logo Arm\u00e9e du Salut\" width=\"93\" height=\"90\" \/><\/li>\n<li><img loading=\"lazy\" decoding=\"async\" src=\"wp-content\/HO-partners\/banque-de-france-logo.png\" alt=\"logo Banque de France\" width=\"287\" height=\"120\" \/><\/li>\n<li><img loading=\"lazy\" decoding=\"async\" src=\"wp-content\/HO-partners\/biocoop-logo.png\" alt=\"logo Biocoop\" width=\"179\" height=\"90\" \/><\/li>\n<li><img loading=\"lazy\" decoding=\"async\" src=\"wp-content\/HO-partners\/cesp-logo.png\" alt=\"logo CESP\" width=\"165\" height=\"90\" \/><\/li>\n<li><img loading=\"lazy\" decoding=\"async\" src=\"wp-content\/HO-partners\/cnfpt-logo.png\" alt=\"logo CNFPT\" width=\"165\" height=\"90\" \/><\/li>\n<li><img loading=\"lazy\" decoding=\"async\" src=\"wp-content\/HO-partners\/communication-et-entreprises-logo.png\" alt=\"logo Communication et Entreprises\" width=\"209\" height=\"90\" \/><\/li>\n<li><img loading=\"lazy\" decoding=\"async\" src=\"wp-content\/HO-partners\/credit-agricole-assurances-logo.png\" alt=\"logo Cr\u00e9dit Agricole Assurances\" width=\"246\" height=\"90\" \/><\/li>\n<li><img loading=\"lazy\" decoding=\"async\" src=\"wp-content\/HO-partners\/credit-agricole-logo.png\" alt=\"logo Cr\u00e9dit Agricole\" width=\"179\" height=\"90\" \/><\/li>\n<li><img loading=\"lazy\" decoding=\"async\" src=\"wp-content\/HO-partners\/dtz-logo.png\" alt=\"logo DTZ\" width=\"141\" height=\"90\" \/><\/li>\n<li><img loading=\"lazy\" decoding=\"async\" src=\"wp-content\/HO-partners\/ecofi-logo.png\" alt=\"logo Ecofi\" width=\"165\" height=\"90\" \/><\/li>\n<li><img loading=\"lazy\" decoding=\"async\" src=\"wp-content\/HO-partners\/gares-et-connexions-logo.png\" alt=\"logo Gares &amp; Connexions\" width=\"180\" height=\"90\" \/><\/li>\n<li><img loading=\"lazy\" decoding=\"async\" src=\"wp-content\/HO-partners\/humanis-logo.png\" alt=\"logo Humanis\" width=\"180\" height=\"90\" \/><\/li>\n<li><img loading=\"lazy\" decoding=\"async\" src=\"wp-content\/HO-partners\/motul-logo.png\" alt=\"logo Motul\" width=\"150\" height=\"90\" \/><\/li>\n<li><img loading=\"lazy\" decoding=\"async\" src=\"wp-content\/HO-partners\/phonak-logo.png\" alt=\"logo Phonak\" width=\"209\" height=\"90\" \/><\/li>\n<li><img decoding=\"async\" src=\"wp-content\/HO-partners\/rollon-logo.png\" alt=\"logo Rollon\" width=\"287\" height=\"=&quot;120&quot;\" \/><\/li>\n<li><img loading=\"lazy\" decoding=\"async\" src=\"wp-content\/HO-partners\/safran-logo.png\" alt=\"logo Safran\" width=\"209\" height=\"90\" \/><\/li>\n<li><img loading=\"lazy\" decoding=\"async\" src=\"wp-content\/HO-partners\/self-image-logo.png\" alt=\"logo Self Image\" width=\"126\" height=\"90\" \/><\/li>\n<li><img loading=\"lazy\" decoding=\"async\" src=\"wp-content\/HO-partners\/sncf-logo.png\" alt=\"logo Sncf\" width=\"120\" height=\"90\" \/><\/li>\n<li><img loading=\"lazy\" decoding=\"async\" src=\"wp-content\/HO-partners\/societe-generale-logo.png\" alt=\"logo Soci\u00e9t\u00e9 G\u00e9n\u00e9rale\" width=\"135\" height=\"90\" \/><\/li>\n<li><img loading=\"lazy\" decoding=\"async\" src=\"wp-content\/HO-partners\/soitec-logo.png\" alt=\"logo Soitec\" width=\"135\" height=\"90\" \/><\/li>\n<li><img loading=\"lazy\" decoding=\"async\" src=\"wp-content\/HO-partners\/somfy-logo.png\" alt=\"logo Somfy\" width=\"142\" height=\"90\" \/><\/li>\n<li><img loading=\"lazy\" decoding=\"async\" src=\"wp-content\/HO-partners\/sonova-logo.png\" alt=\"logo Sonova\" width=\"142\" height=\"90\" \/><\/li>\n<li><img loading=\"lazy\" decoding=\"async\" src=\"wp-content\/HO-partners\/sopexa-logo.png\" alt=\"logo Sopexa\" width=\"142\" height=\"90\" \/><\/li>\n<li><img loading=\"lazy\" decoding=\"async\" src=\"wp-content\/HO-partners\/soufflet-logo.png\" alt=\"logo Soufflet\" width=\"180\" height=\"90\" \/><\/li>\n<li><img loading=\"lazy\" decoding=\"async\" src=\"wp-content\/HO-partners\/total-logo.png\" alt=\"logo Total\" width=\"142\" height=\"90\" \/><\/li>\n<li><img loading=\"lazy\" decoding=\"async\" src=\"wp-content\/HO-partners\/valeo-logo.png\" alt=\"logo Valeo\" width=\"142\" height=\"90\" \/><\/li>\n<li><img loading=\"lazy\" decoding=\"async\" src=\"wp-content\/HO-partners\/vizeum-logo.png\" alt=\"logo Vizem\" width=\"150\" height=\"90\" \/><\/li>\n<li><img loading=\"lazy\" decoding=\"async\" src=\"wp-content\/HO-partners\/wirate-logo.png\" alt=\"logo Wirate\" width=\"215\" height=\"90\" \/><\/li>\n<\/ul>\n<p><a class=\"linkToDetail\" href=\"https:\/\/hura-office.com\/it\/le-nostre-referenze\/\">Le nostre referenze<\/a><\/p>\n<\/section>\n","protected":false},"excerpt":{"rendered":"<p>Presentazione sagace, comunicazione efficace! Hura Office \u00e8 un agenzia specializzata in presentazioni powerpoint e prezi dal forte valore aggiunto. Offriamo un servizio &#8220;&#8221;tailor-made&#8221;&#8221; per i vostri supporti visivi di comunicazione tenendo in considerazione le vostre specifiche. Affidatevi al nostro know how per la realizzazione dei vostri PowerPoint e Prezi. Il nostro forte approccio creativo render\u00e0 [&hellip;]<\/p>\n","protected":false},"author":1,"featured_media":0,"parent":0,"menu_order":1,"comment_status":"closed","ping_status":"closed","template":"template-HO_site.php","meta":{"footnotes":""},"yoast_head":"<!-- This site is optimized with the Yoast SEO plugin v21.7 - https:\/\/yoast.com\/wordpress\/plugins\/seo\/ -->\n<title>Hura Office, agenzia specializzata in presentazioni (PowerPoint, Prezi, Motion Graphic Design,...)<\/title>\n<meta name=\"description\" content=\"Hura Office \u00e8 un&#039;agenzia di comunicazione focalizzata sulla realizzazione di presentazioni ( PowerPoint, Prezi, motion graphic...).\" \/>\n<meta name=\"robots\" content=\"index, follow, max-snippet:-1, max-image-preview:large, max-video-preview:-1\" \/>\n<link rel=\"canonical\" href=\"https:\/\/hura-office.com\/it\/\" \/>\n<meta property=\"og:locale\" content=\"it_IT\" \/>\n<meta property=\"og:type\" content=\"article\" \/>\n<meta property=\"og:title\" content=\"Hura Office, agenzia specializzata in presentazioni (PowerPoint, Prezi, Motion Graphic Design,...)\" \/>\n<meta property=\"og:description\" content=\"Hura Office \u00e8 un&#039;agenzia di comunicazione focalizzata sulla realizzazione di presentazioni ( PowerPoint, Prezi, motion graphic...).\" \/>\n<meta property=\"og:url\" content=\"https:\/\/hura-office.com\/it\/\" \/>\n<meta property=\"og:site_name\" content=\"Hura Office, agenzia specializzata in presentazioni (PowerPoint, Prezi, Motion Graphic Design,...)\" \/>\n<meta property=\"article:modified_time\" content=\"2024-12-26T15:44:53+00:00\" \/>\n<meta name=\"twitter:card\" content=\"summary_large_image\" \/>\n<meta name=\"twitter:label1\" content=\"Tempo di lettura stimato\" \/>\n\t<meta name=\"twitter:data1\" content=\"9 minuti\" \/>\n<script type=\"application\/ld+json\" class=\"yoast-schema-graph\">{\"@context\":\"https:\/\/schema.org\",\"@graph\":[{\"@type\":\"WebPage\",\"@id\":\"https:\/\/hura-office.com\/it\/\",\"url\":\"https:\/\/hura-office.com\/it\/\",\"name\":\"Hura Office, agenzia specializzata in presentazioni (PowerPoint, Prezi, Motion Graphic Design,...)\",\"isPartOf\":{\"@id\":\"https:\/\/hura-office.com\/it\/#website\"},\"datePublished\":\"2018-12-13T11:32:05+00:00\",\"dateModified\":\"2024-12-26T15:44:53+00:00\",\"description\":\"Hura Office \u00e8 un'agenzia di comunicazione focalizzata sulla realizzazione di presentazioni ( PowerPoint, Prezi, motion graphic...).\",\"breadcrumb\":{\"@id\":\"https:\/\/hura-office.com\/it\/#breadcrumb\"},\"inLanguage\":\"it-IT\",\"potentialAction\":[{\"@type\":\"ReadAction\",\"target\":[\"https:\/\/hura-office.com\/it\/\"]}]},{\"@type\":\"BreadcrumbList\",\"@id\":\"https:\/\/hura-office.com\/it\/#breadcrumb\",\"itemListElement\":[{\"@type\":\"ListItem\",\"position\":1,\"name\":\"Accueil\",\"item\":\"https:\/\/hura-office.com\/it\/\"},{\"@type\":\"ListItem\",\"position\":2,\"name\":\"Home\"}]},{\"@type\":\"WebSite\",\"@id\":\"https:\/\/hura-office.com\/it\/#website\",\"url\":\"https:\/\/hura-office.com\/it\/\",\"name\":\"Hura Office, agenzia specializzata Presentazioni (PowerPoint, Prezi, Motion Graphic Design,...)\",\"description\":\"L&#039;agence che cura la vostra presentatione\",\"publisher\":{\"@id\":\"https:\/\/hura-office.com\/it\/#organization\"},\"potentialAction\":[{\"@type\":\"SearchAction\",\"target\":{\"@type\":\"EntryPoint\",\"urlTemplate\":\"https:\/\/hura-office.com\/it\/?s={search_term_string}\"},\"query-input\":\"required name=search_term_string\"}],\"inLanguage\":\"it-IT\"},{\"@type\":\"Organization\",\"@id\":\"https:\/\/hura-office.com\/it\/#organization\",\"name\":\"Hura Office\",\"url\":\"https:\/\/hura-office.com\/it\/\",\"logo\":{\"@type\":\"ImageObject\",\"inLanguage\":\"it-IT\",\"@id\":\"https:\/\/hura-office.com\/it\/#\/schema\/logo\/image\/\",\"url\":\"https:\/\/hura-office.com\/it\/wp-content\/uploads\/sites\/6\/2019\/04\/logoCarre@2x.png\",\"contentUrl\":\"https:\/\/hura-office.com\/it\/wp-content\/uploads\/sites\/6\/2019\/04\/logoCarre@2x.png\",\"width\":601,\"height\":601,\"caption\":\"Hura Office\"},\"image\":{\"@id\":\"https:\/\/hura-office.com\/it\/#\/schema\/logo\/image\/\"}}]}<\/script>\n<!-- \/ Yoast SEO plugin. -->","yoast_head_json":{"title":"Hura Office, agenzia specializzata in presentazioni (PowerPoint, Prezi, Motion Graphic Design,...)","description":"Hura Office \u00e8 un'agenzia di comunicazione focalizzata sulla realizzazione di presentazioni ( PowerPoint, Prezi, motion graphic...).","robots":{"index":"index","follow":"follow","max-snippet":"max-snippet:-1","max-image-preview":"max-image-preview:large","max-video-preview":"max-video-preview:-1"},"canonical":"https:\/\/hura-office.com\/it\/","og_locale":"it_IT","og_type":"article","og_title":"Hura Office, agenzia specializzata in presentazioni (PowerPoint, Prezi, Motion Graphic Design,...)","og_description":"Hura Office \u00e8 un'agenzia di comunicazione focalizzata sulla realizzazione di presentazioni ( PowerPoint, Prezi, motion graphic...).","og_url":"https:\/\/hura-office.com\/it\/","og_site_name":"Hura Office, agenzia specializzata in presentazioni (PowerPoint, Prezi, Motion Graphic Design,...)","article_modified_time":"2024-12-26T15:44:53+00:00","twitter_card":"summary_large_image","twitter_misc":{"Tempo di lettura stimato":"9 minuti"},"schema":{"@context":"https:\/\/schema.org","@graph":[{"@type":"WebPage","@id":"https:\/\/hura-office.com\/it\/","url":"https:\/\/hura-office.com\/it\/","name":"Hura Office, agenzia specializzata in presentazioni (PowerPoint, Prezi, Motion Graphic Design,...)","isPartOf":{"@id":"https:\/\/hura-office.com\/it\/#website"},"datePublished":"2018-12-13T11:32:05+00:00","dateModified":"2024-12-26T15:44:53+00:00","description":"Hura Office \u00e8 un'agenzia di comunicazione focalizzata sulla realizzazione di presentazioni ( PowerPoint, Prezi, motion graphic...).","breadcrumb":{"@id":"https:\/\/hura-office.com\/it\/#breadcrumb"},"inLanguage":"it-IT","potentialAction":[{"@type":"ReadAction","target":["https:\/\/hura-office.com\/it\/"]}]},{"@type":"BreadcrumbList","@id":"https:\/\/hura-office.com\/it\/#breadcrumb","itemListElement":[{"@type":"ListItem","position":1,"name":"Accueil","item":"https:\/\/hura-office.com\/it\/"},{"@type":"ListItem","position":2,"name":"Home"}]},{"@type":"WebSite","@id":"https:\/\/hura-office.com\/it\/#website","url":"https:\/\/hura-office.com\/it\/","name":"Hura Office, agenzia specializzata Presentazioni (PowerPoint, Prezi, Motion Graphic Design,...)","description":"L&#039;agence che cura la vostra presentatione","publisher":{"@id":"https:\/\/hura-office.com\/it\/#organization"},"potentialAction":[{"@type":"SearchAction","target":{"@type":"EntryPoint","urlTemplate":"https:\/\/hura-office.com\/it\/?s={search_term_string}"},"query-input":"required name=search_term_string"}],"inLanguage":"it-IT"},{"@type":"Organization","@id":"https:\/\/hura-office.com\/it\/#organization","name":"Hura Office","url":"https:\/\/hura-office.com\/it\/","logo":{"@type":"ImageObject","inLanguage":"it-IT","@id":"https:\/\/hura-office.com\/it\/#\/schema\/logo\/image\/","url":"https:\/\/hura-office.com\/it\/wp-content\/uploads\/sites\/6\/2019\/04\/logoCarre@2x.png","contentUrl":"https:\/\/hura-office.com\/it\/wp-content\/uploads\/sites\/6\/2019\/04\/logoCarre@2x.png","width":601,"height":601,"caption":"Hura Office"},"image":{"@id":"https:\/\/hura-office.com\/it\/#\/schema\/logo\/image\/"}}]}},"_links":{"self":[{"href":"https:\/\/hura-office.com\/it\/wp-json\/wp\/v2\/pages\/37"}],"collection":[{"href":"https:\/\/hura-office.com\/it\/wp-json\/wp\/v2\/pages"}],"about":[{"href":"https:\/\/hura-office.com\/it\/wp-json\/wp\/v2\/types\/page"}],"author":[{"embeddable":true,"href":"https:\/\/hura-office.com\/it\/wp-json\/wp\/v2\/users\/1"}],"replies":[{"embeddable":true,"href":"https:\/\/hura-office.com\/it\/wp-json\/wp\/v2\/comments?post=37"}],"version-history":[{"count":19,"href":"https:\/\/hura-office.com\/it\/wp-json\/wp\/v2\/pages\/37\/revisions"}],"predecessor-version":[{"id":512,"href":"https:\/\/hura-office.com\/it\/wp-json\/wp\/v2\/pages\/37\/revisions\/512"}],"wp:attachment":[{"href":"https:\/\/hura-office.com\/it\/wp-json\/wp\/v2\/media?parent=37"}],"curies":[{"name":"wp","href":"https:\/\/api.w.org\/{rel}","templated":true}]}}