{"id":76,"date":"2018-12-14T16:10:14","date_gmt":"2018-12-14T15:10:14","guid":{"rendered":"http:\/\/127.0.0.1\/HuraOfficeWP\/?page_id=76"},"modified":"2024-11-05T20:36:09","modified_gmt":"2024-11-05T19:36:09","slug":"references","status":"publish","type":"page","link":"https:\/\/hura-office.com\/en\/references\/","title":{"rendered":"References"},"content":{"rendered":"<header><img loading=\"lazy\" decoding=\"async\" class=\"aligncenter wp-image-390 size-full\" src=\"https:\/\/hura-office.anakrys.biz\/wp-content\/uploads\/sites\/5\/2019\/03\/references-1.jpg\" alt=\"\" width=\"1920\" height=\"653\" srcset=\"https:\/\/hura-office.com\/en\/wp-content\/uploads\/sites\/5\/2019\/03\/references-1.jpg 1920w, https:\/\/hura-office.com\/en\/wp-content\/uploads\/sites\/5\/2019\/03\/references-1-300x102.jpg 300w, https:\/\/hura-office.com\/en\/wp-content\/uploads\/sites\/5\/2019\/03\/references-1-768x261.jpg 768w, https:\/\/hura-office.com\/en\/wp-content\/uploads\/sites\/5\/2019\/03\/references-1-1024x348.jpg 1024w\" sizes=\"(max-width: 1920px) 100vw, 1920px\" \/><\/p>\n<h1>Satisfaction!<\/h1>\n<p>Throughout the whole creative process, we propose tailor made solutions for successful presentations that catch your audience&#8217;s attention.<br \/>\nIn the respect of your brand, we offer you the best service in every kind of communication field. We realize PowerPoint, Prezi, video and Word presentation for many different domains, such as: industry, services, associations, syndicate, training, communication, etc.<\/p>\n<\/header>\n<section id=\"realisations\">\n<h2>Some examples of our last creations<\/h2>\n<div id=\"slider\">\n<dl>\n<dt>Alstom : Motion design<\/dt>\n<dd>\n    <video autoplay controls width=\"600\" height=\"450\"><source src=\"..\/wp-content\/HO-slider\/High-speed trains TOP10.mp4\" type=\"video\/mp4\" width=\"600\" height=\"450\" \/>Your browser does not support the video tag.<\/video>\n  <\/dd>\n<p>  <!--\n\n<dt>Rollon : PowerPoint presentations<\/dt>\n\n\n  \n\n<dd>\n    <video autoplay controls width=\"600\" height=\"450\">\n<source src=\"..\/wp-content\/HO-slider\/Rollon CLT.mp4\" type=\"video\/mp4\" \/>\n       Your browser does not support the video tag.<\/video>\n  <\/dd>\n\n--><\/p>\n<dt>Alstom: PowerPoint video<\/dt>\n<dd><video autoplay controls width=\"600\" height=\"450\"><source src=\"..\/wp-content\/HO-slider\/Alstom_uitp.mp4\" type=\"video\/mp4\" \/>Your browser does not support the video tag.<\/video><\/dd>\n<dt>SmartOp. Day Alstom: pres., posters and kakemonos<\/dt>\n<dd><img loading=\"lazy\" decoding=\"async\" title=\"SmartOp. Day Alstom: presentation, posters and kakemonos\" src=\"..\/wp-content\/HO-slider\/alstom-smart-operation-day.jpg\" width=\"600\" height=\"450\" \/><\/dd>\n<dt>Alstom: Illustrations 3D and presentations<\/dt>\n<dd><img loading=\"lazy\" decoding=\"async\" title=\"Illustrations 3D and presentations Alstom\" src=\"..\/wp-content\/HO-slider\/alstom-automation-1.jpg\" width=\"600\" height=\"450\" \/><\/dd>\n<dt>Alstom: Illustrations 3D and presentations<\/dt>\n<dd><img loading=\"lazy\" decoding=\"async\" title=\"Illustrations 3D and presentations Alstom\" src=\"..\/wp-content\/HO-slider\/alstom-automation-2.jpg\" width=\"600\" height=\"450\" \/><\/dd>\n<dt>Aptar: Illustrations\/PowerPoint presentations-prezi<\/dt>\n<dd><img loading=\"lazy\" decoding=\"async\" title=\"Illustrations\/PowerPoint presentations-Prezi Aptar\" src=\"..\/wp-content\/HO-slider\/aptar-1.jpg\" width=\"600\" height=\"450\" \/><\/dd>\n<dt>Aptar: Illustrations\/PowerPoint presentations-prezi<\/dt>\n<dd><img loading=\"lazy\" decoding=\"async\" title=\"Illustrations\/PowerPoint presentations-Prezi Aptar\" src=\"..\/wp-content\/HO-slider\/aptar-2.jpg\" width=\"600\" height=\"450\" \/><\/dd>\n<dt>Certivea: templates Word<\/dt>\n<dd><img loading=\"lazy\" decoding=\"async\" title=\"Certivea: templates Word\" src=\"..\/wp-content\/HO-slider\/certivea-word-templates.jpg\" width=\"600\" height=\"450\" \/><\/dd>\n<dt>Cr\u00e9dit Agricole: presentation Kit Marketing<\/dt>\n<dd><img loading=\"lazy\" decoding=\"async\" title=\"presentation Kit Marketing Cr\u00e9dit Agricole\" src=\"..\/wp-content\/HO-slider\/credit-agricole-kit-marketing.jpg\" width=\"600\" height=\"450\" \/><\/dd>\n<dt>AFPA: PowerPoint presentations<\/dt>\n<dd><img loading=\"lazy\" decoding=\"async\" title=\"PowerPoint presentations AFPA\" src=\"..\/wp-content\/HO-slider\/afpa.jpg\" width=\"600\" height=\"450\" \/><\/dd>\n<dt>AREP: PowerPoint presentations<\/dt>\n<dd><img loading=\"lazy\" decoding=\"async\" title=\"PowerPoint presentations AREP\" src=\"..\/wp-content\/HO-slider\/arep_prez.jpg\" width=\"600\" height=\"450\" \/><\/dd>\n<dt>Cr\u00e9dit Agricole Assurances: PowerPoint presentations<\/dt>\n<dd><img loading=\"lazy\" decoding=\"async\" title=\"PowerPoint presentations Cr\u00e9dit Agricole Assurances\" src=\"..\/wp-content\/HO-slider\/caa_caci.jpg\" width=\"600\" height=\"450\" \/><\/dd>\n<dt>Close Brothers: PowerPoint Management Presentations<\/dt>\n<dd><img loading=\"lazy\" decoding=\"async\" title=\"PowerPoint presentations Locatel\" src=\"..\/wp-content\/HO-slider\/close_brothers.jpg\" width=\"600\" height=\"450\" \/><\/dd>\n<dt>Congr\u00e8s des experts comptables<\/dt>\n<dd><img loading=\"lazy\" decoding=\"async\" title=\"Congr\u00e8s des experts comptables\" src=\"..\/wp-content\/HO-slider\/congres_des_experts_comptables.jpg\" width=\"600\" height=\"450\" \/><\/dd>\n<dt>Cr\u00e9dit Agricole: Engagement 2014<\/dt>\n<dd><img loading=\"lazy\" decoding=\"async\" title=\"PowerPoint presentations Cr\u00e9dit Agricole Engagement 2014\" src=\"..\/wp-content\/HO-slider\/credit_agricole_engagement_2014_b.jpg\" width=\"600\" height=\"450\" \/><\/dd>\n<dt>Soci\u00e9t\u00e9 G\u00e9n\u00e9rale: presentations<\/dt>\n<dd><img loading=\"lazy\" decoding=\"async\" title=\"Soci\u00e9t\u00e9 G\u00e9n\u00e9rale: presentations 2015\" src=\"..\/wp-content\/HO-slider\/societe-generale-afrique.jpg\" width=\"600\" height=\"450\" \/><\/dd>\n<dt>Espace Direct: PowerPoint presentations<\/dt>\n<dd><img loading=\"lazy\" decoding=\"async\" title=\"PowerPoint presentations Espace Direct\" src=\"..\/wp-content\/HO-slider\/espace_direct.jpg\" width=\"600\" height=\"450\" \/><\/dd>\n<dt>FullSix: PowerPoint presentations<\/dt>\n<dd><img loading=\"lazy\" decoding=\"async\" title=\"PowerPoint presentations FullSix\" src=\"..\/wp-content\/HO-slider\/fullsix.jpg\" width=\"600\" height=\"450\" \/><\/dd>\n<dt>Gares &amp; Connexions: PowerPoint presentations<\/dt>\n<dd><img loading=\"lazy\" decoding=\"async\" title=\"PowerPoint presentations Gares &amp; Connexions\" src=\"..\/wp-content\/HO-slider\/gareconnexion_prez.jpg\" width=\"600\" height=\"450\" \/><\/dd>\n<dt>L&#8217;Artisan Parfumeur: PowerPoint presentations<\/dt>\n<dd><img loading=\"lazy\" decoding=\"async\" title=\"PowerPoint presentations L'Artisan Parfumeur\" src=\"..\/wp-content\/HO-slider\/l_artisan_parfumeur.jpg\" width=\"600\" height=\"450\" \/><\/dd>\n<dt>Lutti: PowerPoint presentations<\/dt>\n<dd><img loading=\"lazy\" decoding=\"async\" title=\"PowerPoint presentations Lutti\" src=\"..\/wp-content\/HO-slider\/lutti.jpg\" width=\"600\" height=\"450\" \/><\/dd>\n<dt>Motul: PowerPoint presentations<\/dt>\n<dd><img loading=\"lazy\" decoding=\"async\" title=\"PowerPoint presentations Motul\" src=\"..\/wp-content\/HO-slider\/motul.jpg\" width=\"600\" height=\"450\" \/><\/dd>\n<dt>Phythea: PowerPoint presentations<\/dt>\n<dd><img loading=\"lazy\" decoding=\"async\" title=\"PowerPoint presentations Phythea\" src=\"..\/wp-content\/HO-slider\/phythea.jpg\" width=\"600\" height=\"450\" \/><\/dd>\n<dt>Arm\u00e9e du salut: template PowerPoint<\/dt>\n<dd><img loading=\"lazy\" decoding=\"async\" title=\"nouveau masque PowerPoint Arm\u00e9e du Salut\" src=\"..\/wp-content\/HO-slider\/armee-du-salut.jpg\" width=\"600\" height=\"450\" \/><\/dd>\n<dt>Somfy: PowerPoint presentations<\/dt>\n<dd><img loading=\"lazy\" decoding=\"async\" title=\"PowerPoint presentations Somfy\" src=\"..\/wp-content\/HO-slider\/somfy.jpg\" width=\"600\" height=\"450\" \/><\/dd>\n<dt>Valeo: PowerPoint presentations<\/dt>\n<dd><img loading=\"lazy\" decoding=\"async\" title=\"PowerPoint presentations Valeo\" src=\"..\/wp-content\/HO-slider\/valeo.jpg\" width=\"600\" height=\"450\" \/><\/dd>\n<dt>Vizeum: PowerPoint presentations<\/dt>\n<dd><img loading=\"lazy\" decoding=\"async\" title=\"PowerPoint presentations Vizeum\" src=\"..\/wp-content\/HO-slider\/vizeum.jpg\" width=\"600\" height=\"450\" \/><\/dd>\n<dt>Alstom: PowerPoint presentations<\/dt>\n<dd><img loading=\"lazy\" decoding=\"async\" title=\"presentation PowerPoint Alstom\" src=\"..\/wp-content\/HO-slider\/alstom.jpg\" width=\"600\" height=\"450\" \/><\/dd>\n<dt>Alstom Middle East: PowerPoint presentations<\/dt>\n<dd><img loading=\"lazy\" decoding=\"async\" title=\"PowerPoint presentations Alstom Middle East\" src=\"..\/wp-content\/HO-slider\/alstom-me.jpg\" width=\"600\" height=\"450\" \/><\/dd>\n<dt>Alstom Alliance: PowerPoint presentations<\/dt>\n<dd><img loading=\"lazy\" decoding=\"async\" title=\"PowerPoint presentations Alstom Alliance\" src=\"..\/wp-content\/HO-slider\/alstom-alliance.jpg\" width=\"600\" height=\"450\" \/><\/dd>\n<dt>Phonak: presentation PowerPoint<\/dt>\n<dd><img loading=\"lazy\" decoding=\"async\" title=\"presentation PowerPoint Phonak\" src=\"..\/wp-content\/HO-slider\/phonak.jpg\" width=\"600\" height=\"450\" \/><\/dd>\n<dt>Wirate: PowerPoint presentations<\/dt>\n<dd><img loading=\"lazy\" decoding=\"async\" title=\"PowerPoint presentations Wirate\" src=\"..\/wp-content\/HO-slider\/wirate.jpg\" width=\"600\" height=\"450\" \/><\/dd>\n<dt>Prezi Presentation Comen&#8217;t<\/dt>\n<dd><iframe loading=\"lazy\" src=\"http:\/\/prezi.com\/embed\/lzthedk35b3o\/?bgcolor=ffffff&amp;lock_to_path=0&amp;autoplay=0&amp;autohide_ctrls=0&amp;features=undefined&amp;disabled_features=undefined\" width=\"600\" height=\"450\" frameborder=\"0\"><\/iframe><\/dd>\n<dt>Management Presentation Total<\/dt>\n<dd><iframe loading=\"lazy\" id=\"iframe_container\" src=\"https:\/\/prezi.com\/embed\/ntxvnmou0hga\/?bgcolor=ffffff&amp;lock_to_path=0&amp;autoplay=0&amp;autohide_ctrls=0&amp;PARENT_REQUEST_ID=65cc659f094a1456#\" width=\"600\" height=\"450\" frameborder=\"0\" allowfullscreen=\"allowfullscreen\"><\/iframe><\/dd>\n<\/dl>\n<\/div>\n<\/section>\n<section id=\"testimonies\">\n<h2>Testimonies<\/h2>\n<dl>\n<dd>\n<blockquote><p>The presentation was a success! I had many positive feedbacks concerning its fluidity, contents and form. My message reached the audience. Thanks for having created it within such a short delay of time.<\/p><\/blockquote>\n<\/dd>\n<dt>Ann &#8211; TOTAL<\/dt>\n<dd>\n<blockquote><p>It&#8217;s been a real pleasure to work with Hura Office.<br \/>\nTheir professionalism, efficiency and elegance have been really appreciated.<br \/>\nI will certainly keep in touch with them for incoming projects.<\/p><\/blockquote>\n<\/dd>\n<dt>Emilie &#8211; ALSTOM TRANSPORT<\/dt>\n<dd>\n<blockquote><p>It&#8217;s been really challenging to work with Hura Office due to their attention to customer&#8217;s needs and their professionalism.<br \/>\nThey can reach the core of projects. They propose different solutions taking into account our group&#8217;s different requirements. They are very helpful and efficient.<br \/>\nIt&#8217;s been a real pleasure to work with them.<br \/>\nWe really appreciated their quality work!<\/p><\/blockquote>\n<\/dd>\n<dt>Julie &#8211; SOMFY<\/dt>\n<dd>\n<blockquote><p>We really appreciated your quality and efficient work, thank you!<\/p><\/blockquote>\n<\/dd>\n<dt>J\u00e9r\u00e9mie &#8211; SAFRAN<\/dt>\n<\/dl>\n<\/section>\n<section id=\"clients_references\">\n<h2>Our partners<\/h2>\n<ul>\n<li><img loading=\"lazy\" decoding=\"async\" src=\"..\/wp-content\/HO-partners\/aegis-media-logo.png\" alt=\"logo Aegis Media\" width=\"173\" height=\"90\" \/><\/li>\n<li><img loading=\"lazy\" decoding=\"async\" src=\"..\/wp-content\/HO-partners\/afpa-logo.png\" alt=\"logo Afpa\" width=\"104\" height=\"90\" \/><\/li>\n<li><img loading=\"lazy\" decoding=\"async\" src=\"..\/wp-content\/HO-partners\/alstom-logo.png\" alt=\"logo Alstom\" width=\"179\" height=\"90\" \/><\/li>\n<li><img loading=\"lazy\" decoding=\"async\" src=\"..\/wp-content\/HO-partners\/alstom-alliance-logo.png\" alt=\"logo Alstom Alliance\" width=\"179\" height=\"90\" \/><\/li>\n<li><img loading=\"lazy\" decoding=\"async\" src=\"..\/wp-content\/HO-partners\/anastase-logo.png\" alt=\"logo Anastase\" width=\"150\" height=\"90\" \/><\/li>\n<li><img loading=\"lazy\" decoding=\"async\" src=\"..\/wp-content\/HO-partners\/aptar-logo.png\" alt=\"logo Aptar\" width=\"150\" height=\"62\" \/><\/li>\n<li><img loading=\"lazy\" decoding=\"async\" src=\"..\/wp-content\/HO-partners\/athena-logo.png\" alt=\"logo Athena\" width=\"150\" height=\"90\" \/><\/li>\n<li><img loading=\"lazy\" decoding=\"async\" src=\"..\/wp-content\/HO-partners\/arep-logo.png\" alt=\"logo Arep\" width=\"93\" height=\"90\" \/><\/li>\n<li><img loading=\"lazy\" decoding=\"async\" src=\"..\/wp-content\/HO-partners\/armee-du-salut-logo.png\" alt=\"logo Arm\u00e9e du Salut\" width=\"93\" height=\"90\" \/><\/li>\n<li><img loading=\"lazy\" decoding=\"async\" src=\"..\/wp-content\/HO-partners\/banque-de-france-logo.png\" alt=\"logo Banque de France\" width=\"287\" height=\"120\" \/><\/li>\n<li><img loading=\"lazy\" decoding=\"async\" src=\"..\/wp-content\/HO-partners\/biocoop-logo.png\" alt=\"logo Biocoop\" width=\"179\" height=\"90\" \/><\/li>\n<li><img loading=\"lazy\" decoding=\"async\" src=\"..\/wp-content\/HO-partners\/cesp-logo.png\" alt=\"logo CESP\" width=\"165\" height=\"90\" \/><\/li>\n<li><img loading=\"lazy\" decoding=\"async\" src=\"..\/wp-content\/HO-partners\/cnfpt-logo.png\" alt=\"logo CNFPT\" width=\"165\" height=\"90\" \/><\/li>\n<li><img loading=\"lazy\" decoding=\"async\" src=\"..\/wp-content\/HO-partners\/communication-et-entreprises-logo.png\" alt=\"logo Communication and Entreprises\" width=\"209\" height=\"90\" \/><\/li>\n<li><img loading=\"lazy\" decoding=\"async\" src=\"..\/wp-content\/HO-partners\/credit-agricole-assurances-logo.png\" alt=\"logo Cr\u00e9dit Agricole Assurances\" width=\"246\" height=\"90\" \/><\/li>\n<li><img loading=\"lazy\" decoding=\"async\" src=\"..\/wp-content\/HO-partners\/credit-agricole-logo.png\" alt=\"logo Cr\u00e9dit Agricole\" width=\"179\" height=\"90\" \/><\/li>\n<li><img loading=\"lazy\" decoding=\"async\" src=\"..\/wp-content\/HO-partners\/dtz-logo.png\" alt=\"logo DTZ\" width=\"141\" height=\"90\" \/><\/li>\n<li><img loading=\"lazy\" decoding=\"async\" src=\"..\/wp-content\/HO-partners\/ecofi-logo.png\" alt=\"logo Ecofi\" width=\"165\" height=\"90\" \/><\/li>\n<li><img loading=\"lazy\" decoding=\"async\" src=\"..\/wp-content\/HO-partners\/gares-et-connexions-logo.png\" alt=\"logo Gares &amp; Connexions\" width=\"180\" height=\"90\" \/><\/li>\n<li><img loading=\"lazy\" decoding=\"async\" src=\"..\/wp-content\/HO-partners\/humanis-logo.png\" alt=\"logo Humanis\" width=\"180\" height=\"90\" \/><\/li>\n<li><img loading=\"lazy\" decoding=\"async\" src=\"..\/wp-content\/HO-partners\/motul-logo.png\" alt=\"logo Motul\" width=\"150\" height=\"90\" \/><\/li>\n<li><img loading=\"lazy\" decoding=\"async\" src=\"..\/wp-content\/HO-partners\/phonak-logo.png\" alt=\"logo Phonak\" width=\"150\" height=\"90\" \/><\/li>\n<li><img loading=\"lazy\" decoding=\"async\" src=\"..\/wp-content\/HO-partners\/rollon-logo.png\" alt=\"logo Rollon\" width=\"287\" height=\"120\" \/><\/li>\n<li><img loading=\"lazy\" decoding=\"async\" src=\"..\/wp-content\/HO-partners\/safran-logo.png\" alt=\"logo Safran\" width=\"209\" height=\"90\" \/><\/li>\n<li><img loading=\"lazy\" decoding=\"async\" src=\"..\/wp-content\/HO-partners\/self-image-logo.png\" alt=\"logo Self Image\" width=\"126\" height=\"90\" \/><\/li>\n<li><img loading=\"lazy\" decoding=\"async\" src=\"..\/wp-content\/HO-partners\/sncf-logo.png\" alt=\"logo Sncf\" width=\"120\" height=\"90\" \/><\/li>\n<li><img loading=\"lazy\" decoding=\"async\" src=\"..\/wp-content\/HO-partners\/societe-generale-logo.png\" alt=\"logo Soci\u00e9t\u00e9 G\u00e9n\u00e9rale\" width=\"135\" height=\"90\" \/><\/li>\n<li><img loading=\"lazy\" decoding=\"async\" src=\"..\/wp-content\/HO-partners\/soitec-logo.png\" alt=\"logo Soitec\" width=\"135\" height=\"90\" \/><\/li>\n<li><img loading=\"lazy\" decoding=\"async\" src=\"..\/wp-content\/HO-partners\/somfy-logo.png\" alt=\"logo Somfy\" width=\"142\" height=\"90\" \/><\/li>\n<li><img loading=\"lazy\" decoding=\"async\" src=\"..\/wp-content\/HO-partners\/sonova-logo.png\" alt=\"logo Sonova\" width=\"142\" height=\"90\" \/><\/li>\n<li><img loading=\"lazy\" decoding=\"async\" src=\"..\/wp-content\/HO-partners\/sopexa-logo.png\" alt=\"logo Sopexa\" width=\"142\" height=\"90\" \/><\/li>\n<li><img loading=\"lazy\" decoding=\"async\" src=\"..\/wp-content\/HO-partners\/soufflet-logo.png\" alt=\"logo Soufflet\" width=\"180\" height=\"90\" \/><\/li>\n<li><img loading=\"lazy\" decoding=\"async\" src=\"..\/wp-content\/HO-partners\/total-logo.png\" alt=\"logo Total\" width=\"142\" height=\"90\" \/><\/li>\n<li><img loading=\"lazy\" decoding=\"async\" src=\"..\/wp-content\/HO-partners\/valeo-logo.png\" alt=\"logo Valeo\" width=\"142\" height=\"90\" \/><\/li>\n<li><img loading=\"lazy\" decoding=\"async\" src=\"..\/wp-content\/HO-partners\/vizeum-logo.png\" alt=\"logo Vizem\" width=\"150\" height=\"90\" \/><\/li>\n<li><img loading=\"lazy\" decoding=\"async\" src=\"..\/wp-content\/HO-partners\/wirate-logo.png\" alt=\"logo Wirate\" width=\"215\" height=\"90\" \/><\/li>\n<\/ul>\n<\/section>\n","protected":false},"excerpt":{"rendered":"<p>Satisfaction! Throughout the whole creative process, we propose tailor made solutions for successful presentations that catch your audience&#8217;s attention. In the respect of your brand, we offer you the best service in every kind of communication field. We realize PowerPoint, Prezi, video and Word presentation for many different domains, such as: industry, services, associations, syndicate, [&hellip;]<\/p>\n","protected":false},"author":1,"featured_media":0,"parent":0,"menu_order":3,"comment_status":"closed","ping_status":"closed","template":"template-HO_site.php","meta":{"footnotes":""},"yoast_head":"<!-- This site is optimized with the Yoast SEO plugin v21.7 - https:\/\/yoast.com\/wordpress\/plugins\/seo\/ -->\n<title>References<\/title>\n<meta name=\"description\" content=\"Hura Office has built relationships based on listening and customer satisfaction. More and more of you are trusting us for your presentations.\" \/>\n<meta name=\"robots\" content=\"index, follow, max-snippet:-1, max-image-preview:large, max-video-preview:-1\" \/>\n<link rel=\"canonical\" href=\"https:\/\/hura-office.com\/en\/references\/\" \/>\n<meta property=\"og:locale\" content=\"en_GB\" \/>\n<meta property=\"og:type\" content=\"article\" \/>\n<meta property=\"og:title\" content=\"References\" \/>\n<meta property=\"og:description\" content=\"Hura Office has built relationships based on listening and customer satisfaction. More and more of you are trusting us for your presentations.\" \/>\n<meta property=\"og:url\" content=\"https:\/\/hura-office.com\/en\/references\/\" \/>\n<meta property=\"og:site_name\" content=\"Hura Office, specialist in presentations (powerpoint, prezi, motion graphic design...)\" \/>\n<meta property=\"article:modified_time\" content=\"2024-11-05T19:36:09+00:00\" \/>\n<meta property=\"og:image\" content=\"https:\/\/hura-office.anakrys.biz\/wp-content\/uploads\/sites\/5\/2019\/03\/references-1.jpg\" \/>\n<meta name=\"twitter:card\" content=\"summary_large_image\" \/>\n<meta name=\"twitter:label1\" content=\"Estimated reading time\" \/>\n\t<meta name=\"twitter:data1\" content=\"15 minutes\" \/>\n<script type=\"application\/ld+json\" class=\"yoast-schema-graph\">{\"@context\":\"https:\/\/schema.org\",\"@graph\":[{\"@type\":\"WebPage\",\"@id\":\"https:\/\/hura-office.com\/en\/references\/\",\"url\":\"https:\/\/hura-office.com\/en\/references\/\",\"name\":\"References\",\"isPartOf\":{\"@id\":\"https:\/\/hura-office.com\/en\/#website\"},\"datePublished\":\"2018-12-14T15:10:14+00:00\",\"dateModified\":\"2024-11-05T19:36:09+00:00\",\"description\":\"Hura Office has built relationships based on listening and customer satisfaction. More and more of you are trusting us for your presentations.\",\"breadcrumb\":{\"@id\":\"https:\/\/hura-office.com\/en\/references\/#breadcrumb\"},\"inLanguage\":\"en-GB\",\"potentialAction\":[{\"@type\":\"ReadAction\",\"target\":[\"https:\/\/hura-office.com\/en\/references\/\"]}]},{\"@type\":\"BreadcrumbList\",\"@id\":\"https:\/\/hura-office.com\/en\/references\/#breadcrumb\",\"itemListElement\":[{\"@type\":\"ListItem\",\"position\":1,\"name\":\"Accueil\",\"item\":\"https:\/\/hura-office.com\/en\/\"},{\"@type\":\"ListItem\",\"position\":2,\"name\":\"References\"}]},{\"@type\":\"WebSite\",\"@id\":\"https:\/\/hura-office.com\/en\/#website\",\"url\":\"https:\/\/hura-office.com\/en\/\",\"name\":\"Hura Office, specialist in presentations (powerpoint, prezi, motion graphic design...)\",\"description\":\"The agency that cares your presentation\",\"publisher\":{\"@id\":\"https:\/\/hura-office.com\/en\/#organization\"},\"potentialAction\":[{\"@type\":\"SearchAction\",\"target\":{\"@type\":\"EntryPoint\",\"urlTemplate\":\"https:\/\/hura-office.com\/en\/?s={search_term_string}\"},\"query-input\":\"required name=search_term_string\"}],\"inLanguage\":\"en-GB\"},{\"@type\":\"Organization\",\"@id\":\"https:\/\/hura-office.com\/en\/#organization\",\"name\":\"Hura Office\",\"url\":\"https:\/\/hura-office.com\/en\/\",\"logo\":{\"@type\":\"ImageObject\",\"inLanguage\":\"en-GB\",\"@id\":\"https:\/\/hura-office.com\/en\/#\/schema\/logo\/image\/\",\"url\":\"https:\/\/hura-office.com\/en\/wp-content\/uploads\/sites\/5\/2019\/04\/logoCarre@2x.png\",\"contentUrl\":\"https:\/\/hura-office.com\/en\/wp-content\/uploads\/sites\/5\/2019\/04\/logoCarre@2x.png\",\"width\":601,\"height\":601,\"caption\":\"Hura Office\"},\"image\":{\"@id\":\"https:\/\/hura-office.com\/en\/#\/schema\/logo\/image\/\"}}]}<\/script>\n<!-- \/ Yoast SEO plugin. -->","yoast_head_json":{"title":"References","description":"Hura Office has built relationships based on listening and customer satisfaction. More and more of you are trusting us for your presentations.","robots":{"index":"index","follow":"follow","max-snippet":"max-snippet:-1","max-image-preview":"max-image-preview:large","max-video-preview":"max-video-preview:-1"},"canonical":"https:\/\/hura-office.com\/en\/references\/","og_locale":"en_GB","og_type":"article","og_title":"References","og_description":"Hura Office has built relationships based on listening and customer satisfaction. More and more of you are trusting us for your presentations.","og_url":"https:\/\/hura-office.com\/en\/references\/","og_site_name":"Hura Office, specialist in presentations (powerpoint, prezi, motion graphic design...)","article_modified_time":"2024-11-05T19:36:09+00:00","og_image":[{"url":"https:\/\/hura-office.anakrys.biz\/wp-content\/uploads\/sites\/5\/2019\/03\/references-1.jpg"}],"twitter_card":"summary_large_image","twitter_misc":{"Estimated reading time":"15 minutes"},"schema":{"@context":"https:\/\/schema.org","@graph":[{"@type":"WebPage","@id":"https:\/\/hura-office.com\/en\/references\/","url":"https:\/\/hura-office.com\/en\/references\/","name":"References","isPartOf":{"@id":"https:\/\/hura-office.com\/en\/#website"},"datePublished":"2018-12-14T15:10:14+00:00","dateModified":"2024-11-05T19:36:09+00:00","description":"Hura Office has built relationships based on listening and customer satisfaction. More and more of you are trusting us for your presentations.","breadcrumb":{"@id":"https:\/\/hura-office.com\/en\/references\/#breadcrumb"},"inLanguage":"en-GB","potentialAction":[{"@type":"ReadAction","target":["https:\/\/hura-office.com\/en\/references\/"]}]},{"@type":"BreadcrumbList","@id":"https:\/\/hura-office.com\/en\/references\/#breadcrumb","itemListElement":[{"@type":"ListItem","position":1,"name":"Accueil","item":"https:\/\/hura-office.com\/en\/"},{"@type":"ListItem","position":2,"name":"References"}]},{"@type":"WebSite","@id":"https:\/\/hura-office.com\/en\/#website","url":"https:\/\/hura-office.com\/en\/","name":"Hura Office, specialist in presentations (powerpoint, prezi, motion graphic design...)","description":"The agency that cares your presentation","publisher":{"@id":"https:\/\/hura-office.com\/en\/#organization"},"potentialAction":[{"@type":"SearchAction","target":{"@type":"EntryPoint","urlTemplate":"https:\/\/hura-office.com\/en\/?s={search_term_string}"},"query-input":"required name=search_term_string"}],"inLanguage":"en-GB"},{"@type":"Organization","@id":"https:\/\/hura-office.com\/en\/#organization","name":"Hura Office","url":"https:\/\/hura-office.com\/en\/","logo":{"@type":"ImageObject","inLanguage":"en-GB","@id":"https:\/\/hura-office.com\/en\/#\/schema\/logo\/image\/","url":"https:\/\/hura-office.com\/en\/wp-content\/uploads\/sites\/5\/2019\/04\/logoCarre@2x.png","contentUrl":"https:\/\/hura-office.com\/en\/wp-content\/uploads\/sites\/5\/2019\/04\/logoCarre@2x.png","width":601,"height":601,"caption":"Hura Office"},"image":{"@id":"https:\/\/hura-office.com\/en\/#\/schema\/logo\/image\/"}}]}},"_links":{"self":[{"href":"https:\/\/hura-office.com\/en\/wp-json\/wp\/v2\/pages\/76"}],"collection":[{"href":"https:\/\/hura-office.com\/en\/wp-json\/wp\/v2\/pages"}],"about":[{"href":"https:\/\/hura-office.com\/en\/wp-json\/wp\/v2\/types\/page"}],"author":[{"embeddable":true,"href":"https:\/\/hura-office.com\/en\/wp-json\/wp\/v2\/users\/1"}],"replies":[{"embeddable":true,"href":"https:\/\/hura-office.com\/en\/wp-json\/wp\/v2\/comments?post=76"}],"version-history":[{"count":37,"href":"https:\/\/hura-office.com\/en\/wp-json\/wp\/v2\/pages\/76\/revisions"}],"predecessor-version":[{"id":506,"href":"https:\/\/hura-office.com\/en\/wp-json\/wp\/v2\/pages\/76\/revisions\/506"}],"wp:attachment":[{"href":"https:\/\/hura-office.com\/en\/wp-json\/wp\/v2\/media?parent=76"}],"curies":[{"name":"wp","href":"https:\/\/api.w.org\/{rel}","templated":true}]}}