{"id":37,"date":"2018-12-13T12:32:05","date_gmt":"2018-12-13T11:32:05","guid":{"rendered":"http:\/\/127.0.0.1\/HuraOfficeWP\/?page_id=37"},"modified":"2024-12-26T16:44:53","modified_gmt":"2024-12-26T15:44:53","slug":"home","status":"publish","type":"page","link":"https:\/\/hura-office.com\/en\/","title":{"rendered":"Home"},"content":{"rendered":"<header>\n<div><\/div>\n<h1>Creative presentation, effective communication!<\/h1>\n<p>Hura Office is a Powerpoint and Prezi communication agency that offers a strong added value. We offer a &#8220;tailor-made&#8221; service for your visual communication supports taking into great consideration our customer&#8217;s needs. Rely on our know how for the creation of your presentations (Powerpoint, Prezi, Motion Graphic Design, Brochures&#8230;). Our strong and creative approach will make your presentations more engaging.<\/p>\n<\/header>\n<section id=\"prestations\">\n<h2>A &#8220;tailor-made&#8221;service<\/h2>\n<p>The agency is part of the group <a href=\"https:\/\/www.hura-com.com\/\">Hura<\/a> specialized in recruiting and training and constantly cooperates with some of the best communication experts. You can <strong>rely on our know-how in every projecting step of your presentation, even with a short notification<\/strong>. <a class=\"linkToDetail\" href=\"https:\/\/hura-office.com\/en\/services\/\">Services<\/a><\/p>\n<\/section>\n<section id=\"formations\">\n<h2>Let&#8217;s be astonishing!<\/h2>\n<p>Our services are strenghtened with tailor made classes to improve your communication strategies with more effective presentations. Our Class Program concern Powerpoint, Word, Prezi and your public speeches&#8230; <a class=\"linkToDetail\" href=\"https:\/\/hura-office.com\/en\/training\/\">Training courses<\/a><\/p>\n<\/section>\n<section id=\"clients_index\">\n<h2>Our partners<\/h2>\n<ul>\n<li><img loading=\"lazy\" decoding=\"async\" src=\"wp-content\/HO-partners\/aegis-media-logo.png\" alt=\"logo Aegis Media\" width=\"173\" height=\"90\" \/><\/li>\n<li><img loading=\"lazy\" decoding=\"async\" src=\"wp-content\/HO-partners\/afpa-logo.png\" alt=\"logo Afpa\" width=\"104\" height=\"90\" \/><\/li>\n<li><img loading=\"lazy\" decoding=\"async\" src=\"wp-content\/HO-partners\/alstom-logo.png\" alt=\"logo Alstom\" width=\"179\" height=\"90\" \/><\/li>\n<li><img loading=\"lazy\" decoding=\"async\" src=\"wp-content\/HO-partners\/alstom-alliance-logo.png\" alt=\"logo Alstom Alliance\" width=\"179\" height=\"90\" \/><\/li>\n<li><img loading=\"lazy\" decoding=\"async\" src=\"wp-content\/HO-partners\/anastase-logo.png\" alt=\"logo Anastase\" width=\"150\" height=\"90\" \/><\/li>\n<li><img loading=\"lazy\" decoding=\"async\" src=\"wp-content\/HO-partners\/aptar-logo.png\" alt=\"logo Aptar\" width=\"150\" height=\"62\" \/><\/li>\n<li><img loading=\"lazy\" decoding=\"async\" src=\"wp-content\/HO-partners\/athena-logo.png\" alt=\"logo Athena\" width=\"150\" height=\"90\" \/><\/li>\n<li><img loading=\"lazy\" decoding=\"async\" src=\"wp-content\/HO-partners\/arep-logo.png\" alt=\"logo Arep\" width=\"93\" height=\"90\" \/><\/li>\n<li><img loading=\"lazy\" decoding=\"async\" src=\"wp-content\/HO-partners\/armee-du-salut-logo.png\" alt=\"logo Arm\u00e9e du Salut\" width=\"93\" height=\"90\" \/><\/li>\n<li><img loading=\"lazy\" decoding=\"async\" src=\"wp-content\/HO-partners\/banque-de-france-logo.png\" alt=\"logo Banque de France\" width=\"287\" height=\"120\" \/><\/li>\n<li><img loading=\"lazy\" decoding=\"async\" src=\"wp-content\/HO-partners\/biocoop-logo.png\" alt=\"logo Biocoop\" width=\"179\" height=\"90\" \/><\/li>\n<li><img loading=\"lazy\" decoding=\"async\" src=\"wp-content\/HO-partners\/cesp-logo.png\" alt=\"logo CESP\" width=\"165\" height=\"90\" \/><\/li>\n<li><img loading=\"lazy\" decoding=\"async\" src=\"wp-content\/HO-partners\/cnfpt-logo.png\" alt=\"logo CNFPT\" width=\"165\" height=\"90\" \/><\/li>\n<li><img loading=\"lazy\" decoding=\"async\" src=\"wp-content\/HO-partners\/communication-et-entreprises-logo.png\" alt=\"logo Communication et Entreprises\" width=\"209\" height=\"90\" \/><\/li>\n<li><img loading=\"lazy\" decoding=\"async\" src=\"wp-content\/HO-partners\/credit-agricole-assurances-logo.png\" alt=\"logo Cr\u00e9dit Agricole Assurances\" width=\"246\" height=\"90\" \/><\/li>\n<li><img loading=\"lazy\" decoding=\"async\" src=\"wp-content\/HO-partners\/credit-agricole-logo.png\" alt=\"logo Cr\u00e9dit Agricole\" width=\"179\" height=\"90\" \/><\/li>\n<li><img loading=\"lazy\" decoding=\"async\" src=\"wp-content\/HO-partners\/dtz-logo.png\" alt=\"logo DTZ\" width=\"141\" height=\"90\" \/><\/li>\n<li><img loading=\"lazy\" decoding=\"async\" src=\"wp-content\/HO-partners\/ecofi-logo.png\" alt=\"logo Ecofi\" width=\"165\" height=\"90\" \/><\/li>\n<li><img loading=\"lazy\" decoding=\"async\" src=\"wp-content\/HO-partners\/gares-et-connexions-logo.png\" alt=\"logo Gares &amp; Connexions\" width=\"180\" height=\"90\" \/><\/li>\n<li><img loading=\"lazy\" decoding=\"async\" src=\"wp-content\/HO-partners\/humanis-logo.png\" alt=\"logo Humanis\" width=\"180\" height=\"90\" \/><\/li>\n<li><img loading=\"lazy\" decoding=\"async\" src=\"wp-content\/HO-partners\/motul-logo.png\" alt=\"logo Motul\" width=\"150\" height=\"90\" \/><\/li>\n<li><img loading=\"lazy\" decoding=\"async\" src=\"wp-content\/HO-partners\/phonak-logo.png\" alt=\"logo Phonak\" width=\"209\" height=\"90\" \/><\/li>\n<li><img decoding=\"async\" src=\"wp-content\/HO-partners\/rollon-logo.png\" alt=\"logo Rollon\" width=\"287\" height=\"=&quot;120&quot;\" \/><\/li>\n<li><img loading=\"lazy\" decoding=\"async\" src=\"wp-content\/HO-partners\/safran-logo.png\" alt=\"logo Safran\" width=\"209\" height=\"90\" \/><\/li>\n<li><img loading=\"lazy\" decoding=\"async\" src=\"wp-content\/HO-partners\/self-image-logo.png\" alt=\"logo Self Image\" width=\"126\" height=\"90\" \/><\/li>\n<li><img loading=\"lazy\" decoding=\"async\" src=\"wp-content\/HO-partners\/sncf-logo.png\" alt=\"logo Sncf\" width=\"120\" height=\"90\" \/><\/li>\n<li><img loading=\"lazy\" decoding=\"async\" src=\"wp-content\/HO-partners\/societe-generale-logo.png\" alt=\"logo Soci\u00e9t\u00e9 G\u00e9n\u00e9rale\" width=\"135\" height=\"90\" \/><\/li>\n<li><img loading=\"lazy\" decoding=\"async\" src=\"wp-content\/HO-partners\/soitec-logo.png\" alt=\"logo Soitec\" width=\"135\" height=\"90\" \/><\/li>\n<li><img loading=\"lazy\" decoding=\"async\" src=\"wp-content\/HO-partners\/somfy-logo.png\" alt=\"logo Somfy\" width=\"142\" height=\"90\" \/><\/li>\n<li><img loading=\"lazy\" decoding=\"async\" src=\"wp-content\/HO-partners\/sonova-logo.png\" alt=\"logo Sonova\" width=\"142\" height=\"90\" \/><\/li>\n<li><img loading=\"lazy\" decoding=\"async\" src=\"wp-content\/HO-partners\/sopexa-logo.png\" alt=\"logo Sopexa\" width=\"142\" height=\"90\" \/><\/li>\n<li><img loading=\"lazy\" decoding=\"async\" src=\"wp-content\/HO-partners\/soufflet-logo.png\" alt=\"logo Soufflet\" width=\"180\" height=\"90\" \/><\/li>\n<li><img loading=\"lazy\" decoding=\"async\" src=\"wp-content\/HO-partners\/total-logo.png\" alt=\"logo Total\" width=\"142\" height=\"90\" \/><\/li>\n<li><img loading=\"lazy\" decoding=\"async\" src=\"wp-content\/HO-partners\/valeo-logo.png\" alt=\"logo Valeo\" width=\"142\" height=\"90\" \/><\/li>\n<li><img loading=\"lazy\" decoding=\"async\" src=\"wp-content\/HO-partners\/vizeum-logo.png\" alt=\"logo Vizem\" width=\"150\" height=\"90\" \/><\/li>\n<li><img loading=\"lazy\" decoding=\"async\" src=\"wp-content\/HO-partners\/wirate-logo.png\" alt=\"logo Wirate\" width=\"215\" height=\"90\" \/><\/li>\n<\/ul>\n<p><a class=\"linkToDetail\" href=\"https:\/\/hura-office.com\/en\/references\/\">References<\/a><\/p>\n<\/section>\n","protected":false},"excerpt":{"rendered":"<p>Creative presentation, effective communication! Hura Office is a Powerpoint and Prezi communication agency that offers a strong added value. We offer a &#8220;tailor-made&#8221; service for your visual communication supports taking into great consideration our customer&#8217;s needs. Rely on our know how for the creation of your presentations (Powerpoint, Prezi, Motion Graphic Design, Brochures&#8230;). Our strong [&hellip;]<\/p>\n","protected":false},"author":1,"featured_media":0,"parent":0,"menu_order":1,"comment_status":"closed","ping_status":"closed","template":"template-HO_site.php","meta":{"footnotes":""},"yoast_head":"<!-- This site is optimized with the Yoast SEO plugin v21.7 - https:\/\/yoast.com\/wordpress\/plugins\/seo\/ -->\n<title>Home<\/title>\n<meta name=\"description\" content=\"Hura Office is a communication agency focused on Presentations (Powerpoint, Prezi, motion design...). We handle your slides into successful presentations.\" \/>\n<meta name=\"robots\" content=\"index, follow, max-snippet:-1, max-image-preview:large, max-video-preview:-1\" \/>\n<link rel=\"canonical\" href=\"https:\/\/hura-office.com\/en\/\" \/>\n<meta property=\"og:locale\" content=\"en_GB\" \/>\n<meta property=\"og:type\" content=\"article\" \/>\n<meta property=\"og:title\" content=\"Home\" \/>\n<meta property=\"og:description\" content=\"Hura Office is a communication agency focused on Presentations (Powerpoint, Prezi, motion design...). We handle your slides into successful presentations.\" \/>\n<meta property=\"og:url\" content=\"https:\/\/hura-office.com\/en\/\" \/>\n<meta property=\"og:site_name\" content=\"Hura Office, specialist in presentations (powerpoint, prezi, motion graphic design...)\" \/>\n<meta property=\"article:modified_time\" content=\"2024-12-26T15:44:53+00:00\" \/>\n<meta name=\"twitter:card\" content=\"summary_large_image\" \/>\n<meta name=\"twitter:label1\" content=\"Estimated reading time\" \/>\n\t<meta name=\"twitter:data1\" content=\"8 minutes\" \/>\n<script type=\"application\/ld+json\" class=\"yoast-schema-graph\">{\"@context\":\"https:\/\/schema.org\",\"@graph\":[{\"@type\":\"WebPage\",\"@id\":\"https:\/\/hura-office.com\/en\/\",\"url\":\"https:\/\/hura-office.com\/en\/\",\"name\":\"Home\",\"isPartOf\":{\"@id\":\"https:\/\/hura-office.com\/en\/#website\"},\"datePublished\":\"2018-12-13T11:32:05+00:00\",\"dateModified\":\"2024-12-26T15:44:53+00:00\",\"description\":\"Hura Office is a communication agency focused on Presentations (Powerpoint, Prezi, motion design...). We handle your slides into successful presentations.\",\"breadcrumb\":{\"@id\":\"https:\/\/hura-office.com\/en\/#breadcrumb\"},\"inLanguage\":\"en-GB\",\"potentialAction\":[{\"@type\":\"ReadAction\",\"target\":[\"https:\/\/hura-office.com\/en\/\"]}]},{\"@type\":\"BreadcrumbList\",\"@id\":\"https:\/\/hura-office.com\/en\/#breadcrumb\",\"itemListElement\":[{\"@type\":\"ListItem\",\"position\":1,\"name\":\"Accueil\",\"item\":\"https:\/\/hura-office.com\/en\/\"},{\"@type\":\"ListItem\",\"position\":2,\"name\":\"Home\"}]},{\"@type\":\"WebSite\",\"@id\":\"https:\/\/hura-office.com\/en\/#website\",\"url\":\"https:\/\/hura-office.com\/en\/\",\"name\":\"Hura Office, specialist in presentations (powerpoint, prezi, motion graphic design...)\",\"description\":\"The agency that cares your presentation\",\"publisher\":{\"@id\":\"https:\/\/hura-office.com\/en\/#organization\"},\"potentialAction\":[{\"@type\":\"SearchAction\",\"target\":{\"@type\":\"EntryPoint\",\"urlTemplate\":\"https:\/\/hura-office.com\/en\/?s={search_term_string}\"},\"query-input\":\"required name=search_term_string\"}],\"inLanguage\":\"en-GB\"},{\"@type\":\"Organization\",\"@id\":\"https:\/\/hura-office.com\/en\/#organization\",\"name\":\"Hura Office\",\"url\":\"https:\/\/hura-office.com\/en\/\",\"logo\":{\"@type\":\"ImageObject\",\"inLanguage\":\"en-GB\",\"@id\":\"https:\/\/hura-office.com\/en\/#\/schema\/logo\/image\/\",\"url\":\"https:\/\/hura-office.com\/en\/wp-content\/uploads\/sites\/5\/2019\/04\/logoCarre@2x.png\",\"contentUrl\":\"https:\/\/hura-office.com\/en\/wp-content\/uploads\/sites\/5\/2019\/04\/logoCarre@2x.png\",\"width\":601,\"height\":601,\"caption\":\"Hura Office\"},\"image\":{\"@id\":\"https:\/\/hura-office.com\/en\/#\/schema\/logo\/image\/\"}}]}<\/script>\n<!-- \/ Yoast SEO plugin. -->","yoast_head_json":{"title":"Home","description":"Hura Office is a communication agency focused on Presentations (Powerpoint, Prezi, motion design...). We handle your slides into successful presentations.","robots":{"index":"index","follow":"follow","max-snippet":"max-snippet:-1","max-image-preview":"max-image-preview:large","max-video-preview":"max-video-preview:-1"},"canonical":"https:\/\/hura-office.com\/en\/","og_locale":"en_GB","og_type":"article","og_title":"Home","og_description":"Hura Office is a communication agency focused on Presentations (Powerpoint, Prezi, motion design...). We handle your slides into successful presentations.","og_url":"https:\/\/hura-office.com\/en\/","og_site_name":"Hura Office, specialist in presentations (powerpoint, prezi, motion graphic design...)","article_modified_time":"2024-12-26T15:44:53+00:00","twitter_card":"summary_large_image","twitter_misc":{"Estimated reading time":"8 minutes"},"schema":{"@context":"https:\/\/schema.org","@graph":[{"@type":"WebPage","@id":"https:\/\/hura-office.com\/en\/","url":"https:\/\/hura-office.com\/en\/","name":"Home","isPartOf":{"@id":"https:\/\/hura-office.com\/en\/#website"},"datePublished":"2018-12-13T11:32:05+00:00","dateModified":"2024-12-26T15:44:53+00:00","description":"Hura Office is a communication agency focused on Presentations (Powerpoint, Prezi, motion design...). We handle your slides into successful presentations.","breadcrumb":{"@id":"https:\/\/hura-office.com\/en\/#breadcrumb"},"inLanguage":"en-GB","potentialAction":[{"@type":"ReadAction","target":["https:\/\/hura-office.com\/en\/"]}]},{"@type":"BreadcrumbList","@id":"https:\/\/hura-office.com\/en\/#breadcrumb","itemListElement":[{"@type":"ListItem","position":1,"name":"Accueil","item":"https:\/\/hura-office.com\/en\/"},{"@type":"ListItem","position":2,"name":"Home"}]},{"@type":"WebSite","@id":"https:\/\/hura-office.com\/en\/#website","url":"https:\/\/hura-office.com\/en\/","name":"Hura Office, specialist in presentations (powerpoint, prezi, motion graphic design...)","description":"The agency that cares your presentation","publisher":{"@id":"https:\/\/hura-office.com\/en\/#organization"},"potentialAction":[{"@type":"SearchAction","target":{"@type":"EntryPoint","urlTemplate":"https:\/\/hura-office.com\/en\/?s={search_term_string}"},"query-input":"required name=search_term_string"}],"inLanguage":"en-GB"},{"@type":"Organization","@id":"https:\/\/hura-office.com\/en\/#organization","name":"Hura Office","url":"https:\/\/hura-office.com\/en\/","logo":{"@type":"ImageObject","inLanguage":"en-GB","@id":"https:\/\/hura-office.com\/en\/#\/schema\/logo\/image\/","url":"https:\/\/hura-office.com\/en\/wp-content\/uploads\/sites\/5\/2019\/04\/logoCarre@2x.png","contentUrl":"https:\/\/hura-office.com\/en\/wp-content\/uploads\/sites\/5\/2019\/04\/logoCarre@2x.png","width":601,"height":601,"caption":"Hura Office"},"image":{"@id":"https:\/\/hura-office.com\/en\/#\/schema\/logo\/image\/"}}]}},"_links":{"self":[{"href":"https:\/\/hura-office.com\/en\/wp-json\/wp\/v2\/pages\/37"}],"collection":[{"href":"https:\/\/hura-office.com\/en\/wp-json\/wp\/v2\/pages"}],"about":[{"href":"https:\/\/hura-office.com\/en\/wp-json\/wp\/v2\/types\/page"}],"author":[{"embeddable":true,"href":"https:\/\/hura-office.com\/en\/wp-json\/wp\/v2\/users\/1"}],"replies":[{"embeddable":true,"href":"https:\/\/hura-office.com\/en\/wp-json\/wp\/v2\/comments?post=37"}],"version-history":[{"count":21,"href":"https:\/\/hura-office.com\/en\/wp-json\/wp\/v2\/pages\/37\/revisions"}],"predecessor-version":[{"id":507,"href":"https:\/\/hura-office.com\/en\/wp-json\/wp\/v2\/pages\/37\/revisions\/507"}],"wp:attachment":[{"href":"https:\/\/hura-office.com\/en\/wp-json\/wp\/v2\/media?parent=37"}],"curies":[{"name":"wp","href":"https:\/\/api.w.org\/{rel}","templated":true}]}}